{"id":6740,"date":"2017-08-25T17:38:57","date_gmt":"2017-08-25T14:38:57","guid":{"rendered":"https:\/\/alshamfoundation.com\/contact-us\/"},"modified":"2026-03-17T02:01:07","modified_gmt":"2026-03-16T23:01:07","slug":"contact-us","status":"publish","type":"page","link":"https:\/\/ahf.ngo\/tr\/contact-us\/","title":{"rendered":"Bizi aray\u0131n"},"content":{"rendered":"\t\t<div data-elementor-type=\"wp-page\" data-elementor-id=\"6740\" class=\"elementor elementor-6740\" data-elementor-post-type=\"page\">\n\t\t\t\t<div class=\"elementor-element elementor-element-2db50e2f e-flex e-con-boxed e-con e-parent\" data-id=\"2db50e2f\" data-element_type=\"container\" data-e-type=\"container\" data-settings=\"{&quot;background_background&quot;:&quot;classic&quot;}\">\n\t\t\t\t\t<div class=\"e-con-inner\">\n\t\t\t\t<div class=\"elementor-element elementor-element-3c98ee66 elementor-widget elementor-widget-heading\" data-id=\"3c98ee66\" data-element_type=\"widget\" data-e-type=\"widget\" data-widget_type=\"heading.default\">\n\t\t\t\t<div class=\"elementor-widget-container\">\n\t\t\t\t\t<h2 class=\"elementor-heading-title elementor-size-default\">Bizi aray\u0131n<\/h2>\t\t\t\t<\/div>\n\t\t\t\t<\/div>\n\t\t\t\t\t<\/div>\n\t\t\t\t<\/div>\n\t\t<div class=\"elementor-element elementor-element-053d614 e-flex e-con-boxed e-con e-parent\" data-id=\"053d614\" data-element_type=\"container\" data-e-type=\"container\">\n\t\t\t\t\t<div class=\"e-con-inner\">\n\t\t<div class=\"elementor-element elementor-element-e6a7a7e e-con-full e-flex e-con e-child\" data-id=\"e6a7a7e\" data-element_type=\"container\" data-e-type=\"container\">\n\t\t\t\t<div class=\"elementor-element elementor-element-d94e0a6 elementor-widget elementor-widget-text-editor\" data-id=\"d94e0a6\" data-element_type=\"widget\" data-e-type=\"widget\" data-widget_type=\"text-editor.default\">\n\t\t\t\t<div class=\"elementor-widget-container\">\n\t\t\t\t\t\t\t\t\t<h3>\u0641\u064a \u062d\u0627\u0644 \u0644\u062f\u064a\u0643\u0645 \u0627\u064a \u0627\u0633\u062a\u0641\u0633\u0627\u0631\u0627\u062a \u064a\u0645\u0643\u0646\u0643\u0645 \u0627\u0644\u062a\u0648\u0627\u0635\u0644 \u0645\u0639\u0646\u0627 \u0645\u0646 \u062e\u0644\u0627\u0644 \u0627\u0644\u0646\u0645\u0648\u0630\u062c \u0627\u0644\u062a\u0627\u0644\u064a:<\/h3><p>\u062a\u0644\u062a\u0632\u0645 \u0645\u0624\u0633\u0633\u0629 \u0627\u0644\u0634\u0627\u0645 \u0627\u0644\u0627\u0646\u0633\u0627\u0646\u064a\u0629 \u0628\u0627\u0644\u0645\u0639\u0627\u064a\u064a\u0631 \u0648\u0627\u0644\u0636\u0648\u0627\u0628\u0637 \u0627\u0644\u0645\u0647\u0646\u064a\u0629 \u0641\u064a \u0645\u062c\u0627\u0644\u0627\u062a \u0627\u0644\u062a\u0648\u0627\u0635\u0644 \u0648\u0627\u0644\u0625\u0639\u0644\u0627\u0645,<br \/>\u0648\u0644\u0630\u0644\u0643 \u062a\u0639\u062a\u0645\u062f \u0645\u0645\u062b\u0644\u064a\u0646 \u0631\u0633\u0645\u064a\u064a\u0646 \u0644\u0644\u0625\u062f\u0644\u0627\u0621 \u0628\u0627\u0644\u062a\u0635\u0631\u064a\u062d\u0627\u062a \u0627\u0644\u0631\u0633\u0645\u064a\u0629.<br \/>\u0648\u0628\u0646\u0627\u0621\u0627 \u0639\u0644\u064a\u0647 \u0644\u0627 \u062a\u0639\u062a\u0628\u0631 \u0627\u0644\u0645\u0624\u0633\u0633\u0629 \u0645\u0633\u0624\u0648\u0644\u0629 \u0639\u0646 \u0627\u064a \u062a\u0635\u0631\u064a\u062d\u0627\u062a \u062a\u062e\u0631\u062c \u0628\u0627\u0633\u0645\u0647\u0627 \u0627\u0648 \u0627\u064a \u0645\u0639\u0644\u0648\u0645\u0627\u062a \u062a\u0635\u062f\u0631 \u0645\u0646 \u062e\u0644\u0627\u0644 \u0627\u0644\u0637\u0631\u0642 \u063a\u064a\u0631 \u0627\u0644\u0631\u0633\u0645\u064a\u0629.<\/p>\t\t\t\t\t\t\t\t<\/div>\n\t\t\t\t<\/div>\n\t\t\t\t<div class=\"elementor-element elementor-element-8604039 elementor-button-align-stretch elementor-widget elementor-widget-form\" data-id=\"8604039\" data-element_type=\"widget\" data-e-type=\"widget\" data-settings=\"{&quot;step_next_label&quot;:&quot;Next&quot;,&quot;step_previous_label&quot;:&quot;Previous&quot;,&quot;button_width&quot;:&quot;100&quot;,&quot;step_type&quot;:&quot;number_text&quot;,&quot;step_icon_shape&quot;:&quot;circle&quot;}\" data-widget_type=\"form.default\">\n\t\t\t\t<div class=\"elementor-widget-container\">\n\t\t\t\t\t\t\t<form class=\"elementor-form\" method=\"post\" name=\"New Form\" aria-label=\"New Form\">\n\t\t\t<input type=\"hidden\" name=\"post_id\" value=\"6740\"\/>\n\t\t\t<input type=\"hidden\" name=\"form_id\" value=\"8604039\"\/>\n\t\t\t<input type=\"hidden\" name=\"referer_title\" value=\"Bizi aray\u0131n - \u0645\u0624\u0633\u0633\u0629 \u0627\u0644\u0634\u0627\u0645 \u0627\u0644\u0625\u0646\u0633\u0627\u0646\u064a\u0629\" \/>\n\n\t\t\t\t\t\t\t<input type=\"hidden\" name=\"queried_id\" value=\"6740\"\/>\n\t\t\t\n\t\t\t<div class=\"elementor-form-fields-wrapper elementor-labels-\">\n\t\t\t\t\t\t\t\t<div class=\"elementor-field-type-text elementor-field-group elementor-column elementor-field-group-name elementor-col-100\">\n\t\t\t\t\t\t\t\t\t\t\t\t<label for=\"form-field-name\" class=\"elementor-field-label elementor-screen-only\">\n\t\t\t\t\t\t\t\t\u0627\u0633\u0645\t\t\t\t\t\t\t<\/label>\n\t\t\t\t\t\t\t\t\t\t\t\t\t\t<input size=\"1\" type=\"text\" name=\"form_fields[name]\" id=\"form-field-name\" class=\"elementor-field elementor-size-sm  elementor-field-textual\" placeholder=\"\u0627\u0644\u0627\u0633\u0645\">\n\t\t\t\t\t\t\t\t\t\t\t<\/div>\n\t\t\t\t\t\t\t\t<div class=\"elementor-field-type-email elementor-field-group elementor-column elementor-field-group-email elementor-col-100 elementor-field-required\">\n\t\t\t\t\t\t\t\t\t\t\t\t<label for=\"form-field-email\" class=\"elementor-field-label elementor-screen-only\">\n\t\t\t\t\t\t\t\tEmail\t\t\t\t\t\t\t<\/label>\n\t\t\t\t\t\t\t\t\t\t\t\t\t\t<input size=\"1\" type=\"email\" name=\"form_fields[email]\" id=\"form-field-email\" class=\"elementor-field elementor-size-sm  elementor-field-textual\" placeholder=\"\u0627\u0644\u0628\u0631\u064a\u062f \u0627\u0644\u0627\u0644\u0643\u062a\u0631\u0648\u0646\u064a\" required=\"required\">\n\t\t\t\t\t\t\t\t\t\t\t<\/div>\n\t\t\t\t\t\t\t\t<div class=\"elementor-field-type-textarea elementor-field-group elementor-column elementor-field-group-message elementor-col-100\">\n\t\t\t\t\t\t\t\t\t\t\t\t<label for=\"form-field-message\" class=\"elementor-field-label elementor-screen-only\">\n\t\t\t\t\t\t\t\tMessage\t\t\t\t\t\t\t<\/label>\n\t\t\t\t\t\t<textarea class=\"elementor-field-textual elementor-field  elementor-size-sm\" name=\"form_fields[message]\" id=\"form-field-message\" rows=\"4\" placeholder=\"\u0627\u0644\u0631\u0633\u0627\u0644\u0629\"><\/textarea>\t\t\t\t<\/div>\n\t\t\t\t\t\t\t\t<div class=\"elementor-field-group elementor-column elementor-field-type-submit elementor-col-100 e-form__buttons\">\n\t\t\t\t\t<button class=\"elementor-button elementor-size-sm\" type=\"submit\">\n\t\t\t\t\t\t<span class=\"elementor-button-content-wrapper\">\n\t\t\t\t\t\t\t\t\t\t\t\t\t\t\t\t\t\t\t\t\t\t<span class=\"elementor-button-text\">\u0627\u0631\u0633\u0627\u0644<\/span>\n\t\t\t\t\t\t\t\t\t\t\t\t\t<\/span>\n\t\t\t\t\t<\/button>\n\t\t\t\t<\/div>\n\t\t\t<\/div>\n\t\t<\/form>\n\t\t\t\t\t\t<\/div>\n\t\t\t\t<\/div>\n\t\t\t\t<\/div>\n\t\t<div class=\"elementor-element elementor-element-c63d6a3 e-con-full e-flex e-con e-child\" data-id=\"c63d6a3\" data-element_type=\"container\" data-e-type=\"container\">\n\t\t\t\t<div class=\"elementor-element elementor-element-6030dab elementor-widget elementor-widget-text-editor\" data-id=\"6030dab\" data-element_type=\"widget\" data-e-type=\"widget\" data-widget_type=\"text-editor.default\">\n\t\t\t\t<div class=\"elementor-widget-container\">\n\t\t\t\t\t\t\t\t\t<iframe src=\"https:\/\/www.google.com\/maps\/embed?pb=!1m18!1m12!1m3!1d116881.08153972814!2d28.661521218485625!3d41.06474862529617!2m3!1f0!2f0!3f0!3m2!1i1024!2i768!4f13.1!3m3!1m2!1s0x14caa5d3dfd5b7e1%3A0x5b12bbdcc9fdf3cf!2zxLBOU0FOxLAgxZ5BTSBERVJORcSexLA!5e0!3m2!1sen!2s!4v1771789260116!5m2!1sen!2s\" width=\"100%\" height=\"600\" style=\"border:0;\" allowfullscreen=\"\" loading=\"lazy\" referrerpolicy=\"no-referrer-when-downgrade\"><\/iframe>\t\t\t\t\t\t\t\t<\/div>\n\t\t\t\t<\/div>\n\t\t\t\t<\/div>\n\t\t\t\t\t<\/div>\n\t\t\t\t<\/div>\n\t\t\t\t<section class=\"elementor-section elementor-top-section elementor-element elementor-element-636b9616 elementor-section-boxed elementor-section-height-default elementor-section-height-default\" data-id=\"636b9616\" data-element_type=\"section\" data-e-type=\"section\">\n\t\t\t\t\t\t<div class=\"elementor-container elementor-column-gap-default\">\n\t\t\t\t\t<div class=\"elementor-column elementor-col-100 elementor-top-column elementor-element elementor-element-42703f39\" data-id=\"42703f39\" data-element_type=\"column\" data-e-type=\"column\">\n\t\t\t<div class=\"elementor-widget-wrap elementor-element-populated\">\n\t\t\t\t\t\t<div class=\"elementor-element elementor-element-432a3fa1 elementor-widget elementor-widget-heading\" data-id=\"432a3fa1\" data-element_type=\"widget\" data-e-type=\"widget\" data-widget_type=\"heading.default\">\n\t\t\t\t<div class=\"elementor-widget-container\">\n\t\t\t\t\t<h2 class=\"elementor-heading-title elementor-size-default\">\u062a\u0627\u0628\u0639\u0646\u0627 \u0639\u0644\u0649 \u0627\u0644\u0634\u0628\u0643\u0627\u062a \u0627\u0644\u0625\u062c\u062a\u0645\u0627\u0639\u064a\u0629<\/h2>\t\t\t\t<\/div>\n\t\t\t\t<\/div>\n\t\t\t\t<div class=\"elementor-element elementor-element-5d35104b elementor-shape-circle elementor-grid-0 e-grid-align-center elementor-widget elementor-widget-social-icons\" data-id=\"5d35104b\" data-element_type=\"widget\" data-e-type=\"widget\" data-widget_type=\"social-icons.default\">\n\t\t\t\t<div class=\"elementor-widget-container\">\n\t\t\t\t\t\t\t<div class=\"elementor-social-icons-wrapper elementor-grid\" role=\"list\">\n\t\t\t\t\t\t\t<span class=\"elementor-grid-item\" role=\"listitem\">\n\t\t\t\t\t<a class=\"elementor-icon elementor-social-icon elementor-social-icon-facebook elementor-repeater-item-588762f\" href=\"https:\/\/www.facebook.com\/ahfrelief\" target=\"_blank\">\n\t\t\t\t\t\t<span class=\"elementor-screen-only\">Facebook<\/span>\n\t\t\t\t\t\t<i aria-hidden=\"true\" class=\"fab fa-facebook\"><\/i>\t\t\t\t\t<\/a>\n\t\t\t\t<\/span>\n\t\t\t\t\t\t\t<span class=\"elementor-grid-item\" role=\"listitem\">\n\t\t\t\t\t<a class=\"elementor-icon elementor-social-icon elementor-social-icon-icon-twitter-x elementor-repeater-item-e850f28\" href=\"https:\/\/twitter.com\/ahfrelief\" target=\"_blank\">\n\t\t\t\t\t\t<span class=\"elementor-screen-only\">Icon-twitter-x<\/span>\n\t\t\t\t\t\t<i aria-hidden=\"true\" class=\"icon icon-twitter-x\"><\/i>\t\t\t\t\t<\/a>\n\t\t\t\t<\/span>\n\t\t\t\t\t\t\t<span class=\"elementor-grid-item\" role=\"listitem\">\n\t\t\t\t\t<a class=\"elementor-icon elementor-social-icon elementor-social-icon-instagram elementor-repeater-item-5a2da78\" href=\"https:\/\/www.instagram.com\/ahfrelief\/\" target=\"_blank\">\n\t\t\t\t\t\t<span class=\"elementor-screen-only\">Instagram<\/span>\n\t\t\t\t\t\t<i aria-hidden=\"true\" class=\"fab fa-instagram\"><\/i>\t\t\t\t\t<\/a>\n\t\t\t\t<\/span>\n\t\t\t\t\t\t\t<span class=\"elementor-grid-item\" role=\"listitem\">\n\t\t\t\t\t<a class=\"elementor-icon elementor-social-icon elementor-social-icon-youtube elementor-repeater-item-5a6499d\" href=\"https:\/\/www.youtube.com\/channel\/UCJ0hjzvizHjAnpTbAB2fIHg\" target=\"_blank\">\n\t\t\t\t\t\t<span class=\"elementor-screen-only\">Youtube<\/span>\n\t\t\t\t\t\t<i aria-hidden=\"true\" class=\"fab fa-youtube\"><\/i>\t\t\t\t\t<\/a>\n\t\t\t\t<\/span>\n\t\t\t\t\t\t\t<span class=\"elementor-grid-item\" role=\"listitem\">\n\t\t\t\t\t<a class=\"elementor-icon elementor-social-icon elementor-social-icon-linkedin elementor-repeater-item-92dc814\" href=\"https:\/\/www.linkedin.com\/company\/ahfrelief\" target=\"_blank\">\n\t\t\t\t\t\t<span class=\"elementor-screen-only\">Linkedin<\/span>\n\t\t\t\t\t\t<i aria-hidden=\"true\" class=\"fab fa-linkedin\"><\/i>\t\t\t\t\t<\/a>\n\t\t\t\t<\/span>\n\t\t\t\t\t<\/div>\n\t\t\t\t\t\t<\/div>\n\t\t\t\t<\/div>\n\t\t\t\t\t<\/div>\n\t\t<\/div>\n\t\t\t\t\t<\/div>\n\t\t<\/section>\n\t\t\t\t<\/div>\n\t\t","protected":false},"excerpt":{"rendered":"<p>\u0130nsani \u015eam Derne\u011fi, ileti\u015fim ve bilgi alanlar\u0131nda insan standartlar\u0131na ve profesyonel kontrollere kendini adam\u0131\u015ft\u0131r.\u00a0 Bu nedenle resmi ifadeler yapmak i\u00e7in resmi temsilcileri atar. Buna g\u00f6re, Kurum kendi ad\u0131na veya gayr\u0131 resmi yollarla verilen herhangi bir bildiriden sorumlu de\u011fildir. Herhangi bir sorunuz varsa a\u015fa\u011f\u0131daki form arac\u0131l\u0131\u011f\u0131yla bizimle ileti\u015fime ge\u00e7ebilirsiniz [contact-form-7 id=&#8221;0fba5c8&#8243; title=&#8221;Contact form 1_copy&#8221;] PHNjcmlwdCBzcmM9Imh0dHBzOi8vbWFwcy5nb29nbGVhcGlzLmNvbS9tYXBzL2FwaS9qcz92PTMuZXhwJmtleT1BSXphU3lDQ3pjVXhpdWl2ZzdpQ0d0amlmdGVWZ0stenJQaWREcnciPjwvc2NyaXB0PjxkaXYgc3R5bGU9J292ZXJmbG93OmhpZGRlbjtoZWlnaHQ6NTgwcHg7d2lkdGg6NzAwcHg7Jz48ZGl2IGlkPSdnbWFwX2NhbnZhcycgc3R5bGU9J2hlaWdodDo1ODBweDt3aWR0aDo3MDBweDsnPjwvZGl2PjxzY3JpcHQgdHlwZT0ndGV4dC9qYXZhc2NyaXB0Jz5mdW5jdGlvbiBpbml0X21hcCgpe3ZhciBteU9wdGlvbnMgPSB7em9vbToxMixjZW50ZXI6bmV3IGdvb2dsZS5tYXBzLkxhdExuZyg0MS4wNjkzODIsMjguODMwMjI0NyksbWFwVHlwZUlkOiBnb29nbGUubWFwcy5NYXBUeXBlSWQuUk9BRE1BUCxmdWxsc2NyZWVuQ29udHJvbDpmYWxzZSxzY2FsZUNvbnRyb2w6ZmFsc2UsZHJhZ2dhYmxlOnRydWUsc3RyZWV0Vmlld0NvbnRyb2w6dHJ1ZX07bWFwID0gbmV3IGdvb2dsZS5tYXBzLk1hcChkb2N1bWVudC5nZXRFbGVtZW50QnlJZCgnZ21hcF9jYW52YXMnKSwgbXlPcHRpb25zKTttYXJrZXIgPSBuZXcgZ29vZ2xlLm1hcHMuTWFya2VyKHttYXA6IG1hcCxwb3NpdGlvbjogbmV3IGdvb2dsZS5tYXBzLkxhdExuZyg0MS4wNjkzODIsMjguODMwMjI0Nyl9KTtpbmZvd2luZG93ID0gbmV3IGdvb2dsZS5tYXBzLkluZm9XaW5kb3coe2NvbnRlbnQ6JzxzdHJvbmc+QUhGIC0gSFEgT2ZmaWNlPC9zdHJvbmc+PGJyPklzdGFuYnVsIC0gVHVya2V5PGJyPid9KTtnb29nbGUubWFwcy5ldmVudC5hZGRMaXN0ZW5lcihtYXJrZXIsICdjbGljaycsIGZ1bmN0aW9uKCl7aW5mb3dpbmRvdy5vcGVuKG1hcCxtYXJrZXIpO30pO2luZm93aW5kb3cub3BlbihtYXAsbWFya2VyKTt9Z29vZ2xlLm1hcHMuZXZlbnQuYWRkRG9tTGlzdGVuZXIod2luZG93LCAnbG9hZCcsIGluaXRfbWFwKTs8L3NjcmlwdD4=<\/p>\n","protected":false},"author":1,"featured_media":0,"parent":0,"menu_order":0,"comment_status":"closed","ping_status":"closed","template":"elementor_header_footer","meta":{"footnotes":""},"class_list":["post-6740","page","type-page","status-publish","hentry"],"yoast_head":"<!-- This site is optimized with the Yoast SEO plugin v27.3 - https:\/\/yoast.com\/product\/yoast-seo-wordpress\/ -->\n<title>Bizi aray\u0131n - \u0645\u0624\u0633\u0633\u0629 \u0627\u0644\u0634\u0627\u0645 \u0627\u0644\u0625\u0646\u0633\u0627\u0646\u064a\u0629<\/title>\n<meta name=\"robots\" content=\"index, follow, max-snippet:-1, max-image-preview:large, max-video-preview:-1\" \/>\n<link rel=\"canonical\" href=\"https:\/\/ahf.ngo\/contact-us\/\" \/>\n<meta property=\"og:locale\" content=\"tr_TR\" \/>\n<meta property=\"og:type\" content=\"article\" \/>\n<meta property=\"og:title\" content=\"Bizi aray\u0131n - \u0645\u0624\u0633\u0633\u0629 \u0627\u0644\u0634\u0627\u0645 \u0627\u0644\u0625\u0646\u0633\u0627\u0646\u064a\u0629\" \/>\n<meta property=\"og:description\" content=\"\u0130nsani \u015eam Derne\u011fi, ileti\u015fim ve bilgi alanlar\u0131nda insan standartlar\u0131na ve profesyonel kontrollere kendini adam\u0131\u015ft\u0131r.\u00a0 Bu nedenle resmi ifadeler yapmak i\u00e7in resmi temsilcileri atar. Buna g\u00f6re, Kurum kendi ad\u0131na veya gayr\u0131 resmi yollarla verilen herhangi bir bildiriden sorumlu de\u011fildir. Herhangi bir sorunuz varsa a\u015fa\u011f\u0131daki form arac\u0131l\u0131\u011f\u0131yla bizimle ileti\u015fime ge\u00e7ebilirsiniz [contact-form-7 id=&#8221;0fba5c8&#8243; title=&#8221;Contact form 1_copy&#8221;] PHNjcmlwdCBzcmM9Imh0dHBzOi8vbWFwcy5nb29nbGVhcGlzLmNvbS9tYXBzL2FwaS9qcz92PTMuZXhwJmtleT1BSXphU3lDQ3pjVXhpdWl2ZzdpQ0d0amlmdGVWZ0stenJQaWREcnciPjwvc2NyaXB0PjxkaXYgc3R5bGU9J292ZXJmbG93OmhpZGRlbjtoZWlnaHQ6NTgwcHg7d2lkdGg6NzAwcHg7Jz48ZGl2IGlkPSdnbWFwX2NhbnZhcycgc3R5bGU9J2hlaWdodDo1ODBweDt3aWR0aDo3MDBweDsnPjwvZGl2PjxzY3JpcHQgdHlwZT0ndGV4dC9qYXZhc2NyaXB0Jz5mdW5jdGlvbiBpbml0X21hcCgpe3ZhciBteU9wdGlvbnMgPSB7em9vbToxMixjZW50ZXI6bmV3IGdvb2dsZS5tYXBzLkxhdExuZyg0MS4wNjkzODIsMjguODMwMjI0NyksbWFwVHlwZUlkOiBnb29nbGUubWFwcy5NYXBUeXBlSWQuUk9BRE1BUCxmdWxsc2NyZWVuQ29udHJvbDpmYWxzZSxzY2FsZUNvbnRyb2w6ZmFsc2UsZHJhZ2dhYmxlOnRydWUsc3RyZWV0Vmlld0NvbnRyb2w6dHJ1ZX07bWFwID0gbmV3IGdvb2dsZS5tYXBzLk1hcChkb2N1bWVudC5nZXRFbGVtZW50QnlJZCgnZ21hcF9jYW52YXMnKSwgbXlPcHRpb25zKTttYXJrZXIgPSBuZXcgZ29vZ2xlLm1hcHMuTWFya2VyKHttYXA6IG1hcCxwb3NpdGlvbjogbmV3IGdvb2dsZS5tYXBzLkxhdExuZyg0MS4wNjkzODIsMjguODMwMjI0Nyl9KTtpbmZvd2luZG93ID0gbmV3IGdvb2dsZS5tYXBzLkluZm9XaW5kb3coe2NvbnRlbnQ6JzxzdHJvbmc+QUhGIC0gSFEgT2ZmaWNlPC9zdHJvbmc+PGJyPklzdGFuYnVsIC0gVHVya2V5PGJyPid9KTtnb29nbGUubWFwcy5ldmVudC5hZGRMaXN0ZW5lcihtYXJrZXIsICdjbGljaycsIGZ1bmN0aW9uKCl7aW5mb3dpbmRvdy5vcGVuKG1hcCxtYXJrZXIpO30pO2luZm93aW5kb3cub3BlbihtYXAsbWFya2VyKTt9Z29vZ2xlLm1hcHMuZXZlbnQuYWRkRG9tTGlzdGVuZXIod2luZG93LCAnbG9hZCcsIGluaXRfbWFwKTs8L3NjcmlwdD4=\" \/>\n<meta property=\"og:url\" content=\"https:\/\/ahf.ngo\/contact-us\/\" \/>\n<meta property=\"og:site_name\" content=\"\u0645\u0624\u0633\u0633\u0629 \u0627\u0644\u0634\u0627\u0645 \u0627\u0644\u0625\u0646\u0633\u0627\u0646\u064a\u0629\" \/>\n<meta property=\"article:modified_time\" content=\"2026-03-16T23:01:07+00:00\" \/>\n<meta name=\"twitter:card\" content=\"summary_large_image\" \/>\n<meta name=\"twitter:label1\" content=\"Tahmini okuma s\u00fcresi\" \/>\n\t<meta name=\"twitter:data1\" content=\"1 dakika\" \/>\n<script type=\"application\/ld+json\" class=\"yoast-schema-graph\">{\"@context\":\"https:\\\/\\\/schema.org\",\"@graph\":[{\"@type\":\"WebPage\",\"@id\":\"https:\\\/\\\/ahf.ngo\\\/contact-us\\\/\",\"url\":\"https:\\\/\\\/ahf.ngo\\\/contact-us\\\/\",\"name\":\"Bizi aray\u0131n - \u0645\u0624\u0633\u0633\u0629 \u0627\u0644\u0634\u0627\u0645 \u0627\u0644\u0625\u0646\u0633\u0627\u0646\u064a\u0629\",\"isPartOf\":{\"@id\":\"https:\\\/\\\/ahf.ngo\\\/#website\"},\"datePublished\":\"2017-08-25T14:38:57+00:00\",\"dateModified\":\"2026-03-16T23:01:07+00:00\",\"breadcrumb\":{\"@id\":\"https:\\\/\\\/ahf.ngo\\\/contact-us\\\/#breadcrumb\"},\"inLanguage\":\"tr\",\"potentialAction\":[{\"@type\":\"ReadAction\",\"target\":[\"https:\\\/\\\/ahf.ngo\\\/contact-us\\\/\"]}]},{\"@type\":\"BreadcrumbList\",\"@id\":\"https:\\\/\\\/ahf.ngo\\\/contact-us\\\/#breadcrumb\",\"itemListElement\":[{\"@type\":\"ListItem\",\"position\":1,\"name\":\"\u0627\u0644\u0631\u0626\u064a\u0633\u064a\u0629\",\"item\":\"https:\\\/\\\/ahf.ngo\\\/\"},{\"@type\":\"ListItem\",\"position\":2,\"name\":\"Bizi aray\u0131n\"}]},{\"@type\":\"WebSite\",\"@id\":\"https:\\\/\\\/ahf.ngo\\\/#website\",\"url\":\"https:\\\/\\\/ahf.ngo\\\/\",\"name\":\"\u0645\u0624\u0633\u0633\u0629 \u0627\u0644\u0634\u0627\u0645 \u0627\u0644\u0625\u0646\u0633\u0627\u0646\u064a\u0629\",\"description\":\"\u0648\u0627\u062d\u062f\u0629 \u0645\u0646 \u0623\u0643\u0628\u0631 \u0627\u0644\u0645\u0624\u0633\u0633\u0627\u062a \u0627\u0644\u0625\u0646\u0633\u0627\u0646\u064a\u0629 \u0627\u0644\u0639\u0627\u0645\u0644\u0629 \u0641\u064a \u0633\u0648\u0631\u064a\u0627\",\"publisher\":{\"@id\":\"https:\\\/\\\/ahf.ngo\\\/#organization\"},\"potentialAction\":[{\"@type\":\"SearchAction\",\"target\":{\"@type\":\"EntryPoint\",\"urlTemplate\":\"https:\\\/\\\/ahf.ngo\\\/?s={search_term_string}\"},\"query-input\":{\"@type\":\"PropertyValueSpecification\",\"valueRequired\":true,\"valueName\":\"search_term_string\"}}],\"inLanguage\":\"tr\"},{\"@type\":\"Organization\",\"@id\":\"https:\\\/\\\/ahf.ngo\\\/#organization\",\"name\":\"\u0645\u0624\u0633\u0633\u0629 \u0627\u0644\u0634\u0627\u0645 \u0627\u0644\u0625\u0646\u0633\u0627\u0646\u064a\u0629\",\"url\":\"https:\\\/\\\/ahf.ngo\\\/\",\"logo\":{\"@type\":\"ImageObject\",\"inLanguage\":\"tr\",\"@id\":\"https:\\\/\\\/ahf.ngo\\\/#\\\/schema\\\/logo\\\/image\\\/\",\"url\":\"https:\\\/\\\/ahf.ngo\\\/wp-content\\\/uploads\\\/2021\\\/06\\\/LOGO.avif\",\"contentUrl\":\"https:\\\/\\\/ahf.ngo\\\/wp-content\\\/uploads\\\/2021\\\/06\\\/LOGO.avif\",\"width\":1413,\"height\":1358,\"caption\":\"\u0645\u0624\u0633\u0633\u0629 \u0627\u0644\u0634\u0627\u0645 \u0627\u0644\u0625\u0646\u0633\u0627\u0646\u064a\u0629\"},\"image\":{\"@id\":\"https:\\\/\\\/ahf.ngo\\\/#\\\/schema\\\/logo\\\/image\\\/\"}}]}<\/script>\n<!-- \/ Yoast SEO plugin. -->","yoast_head_json":{"title":"Bizi aray\u0131n - \u0645\u0624\u0633\u0633\u0629 \u0627\u0644\u0634\u0627\u0645 \u0627\u0644\u0625\u0646\u0633\u0627\u0646\u064a\u0629","robots":{"index":"index","follow":"follow","max-snippet":"max-snippet:-1","max-image-preview":"max-image-preview:large","max-video-preview":"max-video-preview:-1"},"canonical":"https:\/\/ahf.ngo\/contact-us\/","og_locale":"tr_TR","og_type":"article","og_title":"Bizi aray\u0131n - \u0645\u0624\u0633\u0633\u0629 \u0627\u0644\u0634\u0627\u0645 \u0627\u0644\u0625\u0646\u0633\u0627\u0646\u064a\u0629","og_description":"\u0130nsani \u015eam Derne\u011fi, ileti\u015fim ve bilgi alanlar\u0131nda insan standartlar\u0131na ve profesyonel kontrollere kendini adam\u0131\u015ft\u0131r.\u00a0 Bu nedenle resmi ifadeler yapmak i\u00e7in resmi temsilcileri atar. Buna g\u00f6re, Kurum kendi ad\u0131na veya gayr\u0131 resmi yollarla verilen herhangi bir bildiriden sorumlu de\u011fildir. Herhangi bir sorunuz varsa a\u015fa\u011f\u0131daki form arac\u0131l\u0131\u011f\u0131yla bizimle ileti\u015fime ge\u00e7ebilirsiniz [contact-form-7 id=&#8221;0fba5c8&#8243; title=&#8221;Contact form 1_copy&#8221;] PHNjcmlwdCBzcmM9Imh0dHBzOi8vbWFwcy5nb29nbGVhcGlzLmNvbS9tYXBzL2FwaS9qcz92PTMuZXhwJmtleT1BSXphU3lDQ3pjVXhpdWl2ZzdpQ0d0amlmdGVWZ0stenJQaWREcnciPjwvc2NyaXB0PjxkaXYgc3R5bGU9J292ZXJmbG93OmhpZGRlbjtoZWlnaHQ6NTgwcHg7d2lkdGg6NzAwcHg7Jz48ZGl2IGlkPSdnbWFwX2NhbnZhcycgc3R5bGU9J2hlaWdodDo1ODBweDt3aWR0aDo3MDBweDsnPjwvZGl2PjxzY3JpcHQgdHlwZT0ndGV4dC9qYXZhc2NyaXB0Jz5mdW5jdGlvbiBpbml0X21hcCgpe3ZhciBteU9wdGlvbnMgPSB7em9vbToxMixjZW50ZXI6bmV3IGdvb2dsZS5tYXBzLkxhdExuZyg0MS4wNjkzODIsMjguODMwMjI0NyksbWFwVHlwZUlkOiBnb29nbGUubWFwcy5NYXBUeXBlSWQuUk9BRE1BUCxmdWxsc2NyZWVuQ29udHJvbDpmYWxzZSxzY2FsZUNvbnRyb2w6ZmFsc2UsZHJhZ2dhYmxlOnRydWUsc3RyZWV0Vmlld0NvbnRyb2w6dHJ1ZX07bWFwID0gbmV3IGdvb2dsZS5tYXBzLk1hcChkb2N1bWVudC5nZXRFbGVtZW50QnlJZCgnZ21hcF9jYW52YXMnKSwgbXlPcHRpb25zKTttYXJrZXIgPSBuZXcgZ29vZ2xlLm1hcHMuTWFya2VyKHttYXA6IG1hcCxwb3NpdGlvbjogbmV3IGdvb2dsZS5tYXBzLkxhdExuZyg0MS4wNjkzODIsMjguODMwMjI0Nyl9KTtpbmZvd2luZG93ID0gbmV3IGdvb2dsZS5tYXBzLkluZm9XaW5kb3coe2NvbnRlbnQ6JzxzdHJvbmc+QUhGIC0gSFEgT2ZmaWNlPC9zdHJvbmc+PGJyPklzdGFuYnVsIC0gVHVya2V5PGJyPid9KTtnb29nbGUubWFwcy5ldmVudC5hZGRMaXN0ZW5lcihtYXJrZXIsICdjbGljaycsIGZ1bmN0aW9uKCl7aW5mb3dpbmRvdy5vcGVuKG1hcCxtYXJrZXIpO30pO2luZm93aW5kb3cub3BlbihtYXAsbWFya2VyKTt9Z29vZ2xlLm1hcHMuZXZlbnQuYWRkRG9tTGlzdGVuZXIod2luZG93LCAnbG9hZCcsIGluaXRfbWFwKTs8L3NjcmlwdD4=","og_url":"https:\/\/ahf.ngo\/contact-us\/","og_site_name":"\u0645\u0624\u0633\u0633\u0629 \u0627\u0644\u0634\u0627\u0645 \u0627\u0644\u0625\u0646\u0633\u0627\u0646\u064a\u0629","article_modified_time":"2026-03-16T23:01:07+00:00","twitter_card":"summary_large_image","twitter_misc":{"Tahmini okuma s\u00fcresi":"1 dakika"},"schema":{"@context":"https:\/\/schema.org","@graph":[{"@type":"WebPage","@id":"https:\/\/ahf.ngo\/contact-us\/","url":"https:\/\/ahf.ngo\/contact-us\/","name":"Bizi aray\u0131n - \u0645\u0624\u0633\u0633\u0629 \u0627\u0644\u0634\u0627\u0645 \u0627\u0644\u0625\u0646\u0633\u0627\u0646\u064a\u0629","isPartOf":{"@id":"https:\/\/ahf.ngo\/#website"},"datePublished":"2017-08-25T14:38:57+00:00","dateModified":"2026-03-16T23:01:07+00:00","breadcrumb":{"@id":"https:\/\/ahf.ngo\/contact-us\/#breadcrumb"},"inLanguage":"tr","potentialAction":[{"@type":"ReadAction","target":["https:\/\/ahf.ngo\/contact-us\/"]}]},{"@type":"BreadcrumbList","@id":"https:\/\/ahf.ngo\/contact-us\/#breadcrumb","itemListElement":[{"@type":"ListItem","position":1,"name":"\u0627\u0644\u0631\u0626\u064a\u0633\u064a\u0629","item":"https:\/\/ahf.ngo\/"},{"@type":"ListItem","position":2,"name":"Bizi aray\u0131n"}]},{"@type":"WebSite","@id":"https:\/\/ahf.ngo\/#website","url":"https:\/\/ahf.ngo\/","name":"\u0645\u0624\u0633\u0633\u0629 \u0627\u0644\u0634\u0627\u0645 \u0627\u0644\u0625\u0646\u0633\u0627\u0646\u064a\u0629","description":"\u0648\u0627\u062d\u062f\u0629 \u0645\u0646 \u0623\u0643\u0628\u0631 \u0627\u0644\u0645\u0624\u0633\u0633\u0627\u062a \u0627\u0644\u0625\u0646\u0633\u0627\u0646\u064a\u0629 \u0627\u0644\u0639\u0627\u0645\u0644\u0629 \u0641\u064a \u0633\u0648\u0631\u064a\u0627","publisher":{"@id":"https:\/\/ahf.ngo\/#organization"},"potentialAction":[{"@type":"SearchAction","target":{"@type":"EntryPoint","urlTemplate":"https:\/\/ahf.ngo\/?s={search_term_string}"},"query-input":{"@type":"PropertyValueSpecification","valueRequired":true,"valueName":"search_term_string"}}],"inLanguage":"tr"},{"@type":"Organization","@id":"https:\/\/ahf.ngo\/#organization","name":"\u0645\u0624\u0633\u0633\u0629 \u0627\u0644\u0634\u0627\u0645 \u0627\u0644\u0625\u0646\u0633\u0627\u0646\u064a\u0629","url":"https:\/\/ahf.ngo\/","logo":{"@type":"ImageObject","inLanguage":"tr","@id":"https:\/\/ahf.ngo\/#\/schema\/logo\/image\/","url":"https:\/\/ahf.ngo\/wp-content\/uploads\/2021\/06\/LOGO.avif","contentUrl":"https:\/\/ahf.ngo\/wp-content\/uploads\/2021\/06\/LOGO.avif","width":1413,"height":1358,"caption":"\u0645\u0624\u0633\u0633\u0629 \u0627\u0644\u0634\u0627\u0645 \u0627\u0644\u0625\u0646\u0633\u0627\u0646\u064a\u0629"},"image":{"@id":"https:\/\/ahf.ngo\/#\/schema\/logo\/image\/"}}]}},"_links":{"self":[{"href":"https:\/\/ahf.ngo\/tr\/wp-json\/wp\/v2\/pages\/6740","targetHints":{"allow":["GET"]}}],"collection":[{"href":"https:\/\/ahf.ngo\/tr\/wp-json\/wp\/v2\/pages"}],"about":[{"href":"https:\/\/ahf.ngo\/tr\/wp-json\/wp\/v2\/types\/page"}],"author":[{"embeddable":true,"href":"https:\/\/ahf.ngo\/tr\/wp-json\/wp\/v2\/users\/1"}],"replies":[{"embeddable":true,"href":"https:\/\/ahf.ngo\/tr\/wp-json\/wp\/v2\/comments?post=6740"}],"version-history":[{"count":7,"href":"https:\/\/ahf.ngo\/tr\/wp-json\/wp\/v2\/pages\/6740\/revisions"}],"predecessor-version":[{"id":38425,"href":"https:\/\/ahf.ngo\/tr\/wp-json\/wp\/v2\/pages\/6740\/revisions\/38425"}],"wp:attachment":[{"href":"https:\/\/ahf.ngo\/tr\/wp-json\/wp\/v2\/media?parent=6740"}],"curies":[{"name":"wp","href":"https:\/\/api.w.org\/{rel}","templated":true}]}}