{"id":6797,"date":"2017-10-04T13:31:19","date_gmt":"2017-10-04T10:31:19","guid":{"rendered":"https:\/\/alshamfoundation.com\/?page_id=6797"},"modified":"2026-03-17T02:01:09","modified_gmt":"2026-03-16T23:01:09","slug":"gida-guvenligi-ve-gecim-kaynaklari","status":"publish","type":"page","link":"https:\/\/ahf.ngo\/tr\/gida-guvenligi-ve-gecim-kaynaklari\/","title":{"rendered":"G\u0131da G\u00fcvenli\u011fi ve Acil M\u00fcdahale Program\u0131"},"content":{"rendered":"\t\t<div data-elementor-type=\"wp-page\" data-elementor-id=\"6797\" class=\"elementor elementor-6797\" data-elementor-post-type=\"page\">\n\t\t\t\t<div class=\"elementor-element elementor-element-05da697 e-flex e-con-boxed e-con e-parent\" data-id=\"05da697\" data-element_type=\"container\" data-e-type=\"container\" data-settings=\"{&quot;background_background&quot;:&quot;classic&quot;}\">\n\t\t\t\t\t<div class=\"e-con-inner\">\n\t\t\t\t<div class=\"elementor-element elementor-element-de9c0c2 elementor-widget elementor-widget-heading\" data-id=\"de9c0c2\" data-element_type=\"widget\" data-e-type=\"widget\" data-widget_type=\"heading.default\">\n\t\t\t\t<div class=\"elementor-widget-container\">\n\t\t\t\t\t<h2 class=\"elementor-heading-title elementor-size-default\">G\u0131da G\u00fcvenli\u011fi ve Acil M\u00fcdahale Program\u0131<\/h2>\t\t\t\t<\/div>\n\t\t\t\t<\/div>\n\t\t\t\t\t<\/div>\n\t\t\t\t<\/div>\n\t\t\t\t<section class=\"elementor-section elementor-top-section elementor-element elementor-element-d459a55 elementor-section-boxed elementor-section-height-default elementor-section-height-default\" data-id=\"d459a55\" data-element_type=\"section\" data-e-type=\"section\">\n\t\t\t\t\t\t<div class=\"elementor-container elementor-column-gap-default\">\n\t\t\t\t\t<div class=\"elementor-column elementor-col-100 elementor-top-column elementor-element elementor-element-bebb117\" data-id=\"bebb117\" data-element_type=\"column\" data-e-type=\"column\">\n\t\t\t<div class=\"elementor-widget-wrap elementor-element-populated\">\n\t\t\t\t\t\t<div class=\"elementor-element elementor-element-c5f0d3e elementor-widget elementor-widget-text-editor\" data-id=\"c5f0d3e\" data-element_type=\"widget\" data-e-type=\"widget\" data-widget_type=\"text-editor.default\">\n\t\t\t\t<div class=\"elementor-widget-container\">\n\t\t\t\t\t\t\t\t\t<p>\u064a\u0639\u0645\u0644 \u0627\u0644\u0628\u0631\u0646\u0627\u0645\u062c \u0639\u0644\u0649 \u0627\u0644\u0645\u0634\u0627\u0631\u064a\u0639 \u0627\u0644\u062a\u064a \u062a\u0647\u062f\u0641 \u0625\u0644\u0649 \u062a\u062e\u0641\u064a\u0641 \u0627\u0644\u0645\u0639\u0627\u0646\u0627\u0629 \u0627\u0644\u0625\u0646\u0633\u0627\u0646\u064a\u0629 \u0648\u062a\u0644\u0628\u064a\u0629 \u0627\u0644\u0627\u062d\u062a\u064a\u0627\u062c\u0627\u062a \u0627\u0644\u063a\u0630\u0627\u0626\u064a\u0629 \u0627\u0644\u0644\u0627\u0632\u0645\u0629 \u0644\u0644\u062d\u0635\u0648\u0644 \u0639\u0644\u0649 \u0623\u063a\u0630\u064a\u0629 \u0635\u062d\u064a\u0629 \u0648\u0643\u0627\u0641\u064a\u0629 \u0648\u0622\u0645\u0646\u0629 \u0648\u0630\u0627\u062a \u0642\u064a\u0645\u0629 \u063a\u0630\u0627\u0626\u064a\u0629 \u0645\u0646\u0627\u0633\u0628\u0629 \u062a\u0644\u0628\u064a \u0648\u062a\u0646\u0627\u0633\u0628 \u062c\u0645\u064a\u0639 \u0627\u0644\u0623\u0641\u0631\u0627\u062f \u0644\u0644\u062a\u0645\u062a\u0639 \u0628\u062d\u064a\u0627\u0629 \u0635\u062d\u064a\u0629 \u0648\u0646\u0634\u0637\u0629\u060c \u0648\u0630\u0644\u0643 \u0628\u0647\u062f\u0641 \u062a\u062d\u0633\u064a\u0646 \u0645\u0633\u062a\u0648\u0649 \u0627\u0644\u0623\u0645\u0646 \u0627\u0644\u063a\u0630\u0627\u0626\u064a \u0645\u0646 \u062e\u0644\u0627\u0644 \u062a\u0648\u0632\u064a\u0639 \u0627\u0644\u062e\u0628\u0632 \u0627\u0644\u0645\u062c\u0627\u0646\u064a \u0639\u0644\u0649 \u0627\u0644\u0623\u0633\u0631 \u0627\u0644\u0646\u0627\u0632\u062d\u0629\u060c \u0628\u0627\u0644\u0625\u0636\u0627\u0641\u0629 \u0625\u0644\u0649 \u062a\u0646\u0641\u064a\u0630 \u0627\u0644\u0645\u0634\u0627\u0631\u064a\u0639 \u0644\u062a\u0639\u0632\u064a\u0632 \u0627\u0644\u062a\u0646\u0645\u064a\u0629 \u0627\u0644\u0627\u0642\u062a\u0635\u0627\u062f\u064a\u0629 \u0641\u064a \u0645\u062c\u0627\u0644\u0627\u062a \u0627\u0644\u0632\u0631\u0627\u0639\u0629 \u0648\u0627\u0644\u062b\u0631\u0648\u0629 \u0627\u0644\u062d\u064a\u0648\u0627\u0646\u064a\u0629 \u0628\u0627\u0644\u0639\u0645\u0644 \u0639\u0644\u0649 \u0632\u064a\u0627\u062f\u0629 \u0625\u0646\u062a\u0627\u062c \u0627\u0644\u0645\u062d\u0627\u0635\u064a\u0644 \u0627\u0644\u0632\u0631\u0627\u0639\u064a\u0629 \u0648\u0627\u0644\u0645\u0646\u062a\u062c\u0627\u062a \u0627\u0644\u062d\u064a\u0648\u0627\u0646\u064a\u0629 \u0648\u062a\u062d\u0633\u064a\u0646 \u062c\u0648\u062f\u062a\u0647\u0627 \u0644\u062a\u0644\u0628\u064a\u0629 \u0627\u062d\u062a\u064a\u0627\u062c\u0627\u062a \u0627\u0644\u0627\u0633\u062a\u0647\u0644\u0627\u0643 \u0627\u0644\u0645\u062d\u0644\u064a \u0645\u0646 \u0627\u0644\u0633\u0644\u0639 \u0627\u0644\u063a\u0630\u0627\u0626\u064a\u0629\u060c \u0643\u0645\u0627 \u0648\u064a\u0639\u0646\u0649 \u0627\u0644\u0628\u0631\u0646\u0627\u0645\u062c \u0628\u062f\u0639\u0645 \u0635\u0645\u0648\u062f \u0627\u0644\u0645\u062c\u062a\u0645\u0639 \u0648\u0632\u064a\u0627\u062f\u0629 \u0627\u0644\u0623\u0646\u0634\u0637\u0629 \u0627\u0644\u0645\u062f\u0631\u0629 \u0644\u0644\u062f\u062e\u0644 \u0648\u0633\u0628\u0644 \u0627\u0644\u062d\u0635\u0648\u0644 \u0639\u0644\u0649 \u0639\u0645\u0644 \u0622\u0645\u0646 \u0648\u0645\u0646\u062a\u062c \u0648\u0630\u0648 \u0623\u062c\u0631 \u0645\u0646\u0635\u0641 \u0648\u0625\u0639\u0627\u062f\u0629 \u062a\u0623\u0647\u064a\u0644 \u0627\u0644\u0628\u0646\u064a\u0629 \u0627\u0644\u062a\u062d\u062a\u064a\u0629 \u0630\u0627\u062a \u0627\u0644\u0635\u0644\u0629.<\/p>\t\t\t\t\t\t\t\t<\/div>\n\t\t\t\t<\/div>\n\t\t\t\t\t<\/div>\n\t\t<\/div>\n\t\t\t\t\t<\/div>\n\t\t<\/section>\n\t\t\t\t<section class=\"elementor-section elementor-top-section elementor-element elementor-element-f345227 elementor-section-boxed elementor-section-height-default elementor-section-height-default\" data-id=\"f345227\" data-element_type=\"section\" data-e-type=\"section\">\n\t\t\t\t\t\t<div class=\"elementor-container elementor-column-gap-default\">\n\t\t\t\t\t<div class=\"elementor-column elementor-col-100 elementor-top-column elementor-element elementor-element-e9ba939\" data-id=\"e9ba939\" data-element_type=\"column\" data-e-type=\"column\">\n\t\t\t<div class=\"elementor-widget-wrap elementor-element-populated\">\n\t\t\t\t\t\t\t<\/div>\n\t\t<\/div>\n\t\t\t\t\t<\/div>\n\t\t<\/section>\n\t\t\t\t<section class=\"elementor-section elementor-top-section elementor-element elementor-element-fbc3475 elementor-section-boxed elementor-section-height-default elementor-section-height-default\" data-id=\"fbc3475\" data-element_type=\"section\" data-e-type=\"section\">\n\t\t\t\t\t\t<div class=\"elementor-container elementor-column-gap-default\">\n\t\t\t\t\t<div class=\"elementor-column elementor-col-100 elementor-top-column elementor-element elementor-element-ad1653d\" data-id=\"ad1653d\" data-element_type=\"column\" data-e-type=\"column\">\n\t\t\t<div class=\"elementor-widget-wrap elementor-element-populated\">\n\t\t\t\t\t\t<div class=\"elementor-element elementor-element-c7175fa elementor-widget elementor-widget-heading\" data-id=\"c7175fa\" data-element_type=\"widget\" data-e-type=\"widget\" data-widget_type=\"heading.default\">\n\t\t\t\t<div class=\"elementor-widget-container\">\n\t\t\t\t\t<h2 class=\"elementor-heading-title elementor-size-default\">\u062a\u0627\u0628\u0639\u0646\u0627 \u0639\u0644\u0649 \u0627\u0644\u0634\u0628\u0643\u0627\u062a \u0627\u0644\u0625\u062c\u062a\u0645\u0627\u0639\u064a\u0629<\/h2>\t\t\t\t<\/div>\n\t\t\t\t<\/div>\n\t\t\t\t<div class=\"elementor-element elementor-element-3b1656e elementor-shape-circle elementor-grid-0 e-grid-align-center elementor-widget elementor-widget-social-icons\" data-id=\"3b1656e\" data-element_type=\"widget\" data-e-type=\"widget\" data-widget_type=\"social-icons.default\">\n\t\t\t\t<div class=\"elementor-widget-container\">\n\t\t\t\t\t\t\t<div class=\"elementor-social-icons-wrapper elementor-grid\" role=\"list\">\n\t\t\t\t\t\t\t<span class=\"elementor-grid-item\" role=\"listitem\">\n\t\t\t\t\t<a class=\"elementor-icon elementor-social-icon elementor-social-icon-facebook elementor-repeater-item-588762f\" href=\"https:\/\/www.facebook.com\/ahfrelief\" target=\"_blank\">\n\t\t\t\t\t\t<span class=\"elementor-screen-only\">Facebook<\/span>\n\t\t\t\t\t\t<i aria-hidden=\"true\" class=\"fab fa-facebook\"><\/i>\t\t\t\t\t<\/a>\n\t\t\t\t<\/span>\n\t\t\t\t\t\t\t<span class=\"elementor-grid-item\" role=\"listitem\">\n\t\t\t\t\t<a class=\"elementor-icon elementor-social-icon elementor-social-icon-icon-twitter-x elementor-repeater-item-e850f28\" href=\"https:\/\/twitter.com\/ahfrelief\" target=\"_blank\">\n\t\t\t\t\t\t<span class=\"elementor-screen-only\">Icon-twitter-x<\/span>\n\t\t\t\t\t\t<i aria-hidden=\"true\" class=\"icon icon-twitter-x\"><\/i>\t\t\t\t\t<\/a>\n\t\t\t\t<\/span>\n\t\t\t\t\t\t\t<span class=\"elementor-grid-item\" role=\"listitem\">\n\t\t\t\t\t<a class=\"elementor-icon elementor-social-icon elementor-social-icon-instagram elementor-repeater-item-5a2da78\" href=\"https:\/\/www.instagram.com\/ahfrelief\/\" target=\"_blank\">\n\t\t\t\t\t\t<span class=\"elementor-screen-only\">Instagram<\/span>\n\t\t\t\t\t\t<i aria-hidden=\"true\" class=\"fab fa-instagram\"><\/i>\t\t\t\t\t<\/a>\n\t\t\t\t<\/span>\n\t\t\t\t\t\t\t<span class=\"elementor-grid-item\" role=\"listitem\">\n\t\t\t\t\t<a class=\"elementor-icon elementor-social-icon elementor-social-icon-youtube elementor-repeater-item-5a6499d\" href=\"https:\/\/www.youtube.com\/channel\/UCJ0hjzvizHjAnpTbAB2fIHg\" target=\"_blank\">\n\t\t\t\t\t\t<span class=\"elementor-screen-only\">Youtube<\/span>\n\t\t\t\t\t\t<i aria-hidden=\"true\" class=\"fab fa-youtube\"><\/i>\t\t\t\t\t<\/a>\n\t\t\t\t<\/span>\n\t\t\t\t\t\t\t<span class=\"elementor-grid-item\" role=\"listitem\">\n\t\t\t\t\t<a class=\"elementor-icon elementor-social-icon elementor-social-icon-linkedin elementor-repeater-item-92dc814\" href=\"https:\/\/www.linkedin.com\/company\/ahfrelief\" target=\"_blank\">\n\t\t\t\t\t\t<span class=\"elementor-screen-only\">Linkedin<\/span>\n\t\t\t\t\t\t<i aria-hidden=\"true\" class=\"fab fa-linkedin\"><\/i>\t\t\t\t\t<\/a>\n\t\t\t\t<\/span>\n\t\t\t\t\t<\/div>\n\t\t\t\t\t\t<\/div>\n\t\t\t\t<\/div>\n\t\t\t\t\t<\/div>\n\t\t<\/div>\n\t\t\t\t\t<\/div>\n\t\t<\/section>\n\t\t\t\t<\/div>\n\t\t","protected":false},"excerpt":{"rendered":"<p>G\u0131da g\u00fcvenli\u011fi ve ge\u00e7im kaynaklar\u0131 \u00dcr\u00fcn, insan\u0131n \u00f6nemini vurgulamay\u0131 ama\u00e7layan g\u00f6revler \u00fczerinde \u00e7al\u0131\u015f\u0131yor \u00dczg\u00fcn\u00fcm \u00dczg\u00fcn\u00fcm \u00dczg\u00fcn\u00fcm \u00dczg\u00fcn\u00fcm diye bir \u015fey yok \u00dczg\u00fcn\u00fcm \u00dczg\u00fcn\u00fcm Tar\u0131m, refah alanlar\u0131nda ekonomik kalk\u0131nmay\u0131 te\u015fvik edecek projelerin uygulanmas\u0131 , ticari \u00fcr\u00fcnler ve m\u00fc\u015fteriler, tar\u0131m ve hayvanc\u0131l\u0131k \u00fcr\u00fcnlerinin \u00fcretimini art\u0131rmak ve geli\u015ftirmek i\u00e7in Kalitesini, mahremiyetini, yerel mahremiyetini, g\u0131das\u0131n\u0131, g\u00fcvenli ve verimli \u00e7al\u0131\u015fma [&hellip;]<\/p>\n","protected":false},"author":1,"featured_media":0,"parent":0,"menu_order":0,"comment_status":"closed","ping_status":"closed","template":"","meta":{"footnotes":""},"class_list":["post-6797","page","type-page","status-publish","hentry"],"yoast_head":"<!-- This site is optimized with the Yoast SEO plugin v27.3 - https:\/\/yoast.com\/product\/yoast-seo-wordpress\/ -->\n<title>G\u0131da G\u00fcvenli\u011fi ve Acil M\u00fcdahale Program\u0131 - \u0645\u0624\u0633\u0633\u0629 \u0627\u0644\u0634\u0627\u0645 \u0627\u0644\u0625\u0646\u0633\u0627\u0646\u064a\u0629<\/title>\n<meta name=\"robots\" content=\"index, follow, max-snippet:-1, max-image-preview:large, max-video-preview:-1\" \/>\n<link rel=\"canonical\" href=\"https:\/\/ahf.ngo\/fsl\/\" \/>\n<meta property=\"og:locale\" content=\"tr_TR\" \/>\n<meta property=\"og:type\" content=\"article\" \/>\n<meta property=\"og:title\" content=\"G\u0131da G\u00fcvenli\u011fi ve Acil M\u00fcdahale Program\u0131 - \u0645\u0624\u0633\u0633\u0629 \u0627\u0644\u0634\u0627\u0645 \u0627\u0644\u0625\u0646\u0633\u0627\u0646\u064a\u0629\" \/>\n<meta property=\"og:description\" content=\"G\u0131da g\u00fcvenli\u011fi ve ge\u00e7im kaynaklar\u0131 \u00dcr\u00fcn, insan\u0131n \u00f6nemini vurgulamay\u0131 ama\u00e7layan g\u00f6revler \u00fczerinde \u00e7al\u0131\u015f\u0131yor \u00dczg\u00fcn\u00fcm \u00dczg\u00fcn\u00fcm \u00dczg\u00fcn\u00fcm \u00dczg\u00fcn\u00fcm diye bir \u015fey yok \u00dczg\u00fcn\u00fcm \u00dczg\u00fcn\u00fcm Tar\u0131m, refah alanlar\u0131nda ekonomik kalk\u0131nmay\u0131 te\u015fvik edecek projelerin uygulanmas\u0131 , ticari \u00fcr\u00fcnler ve m\u00fc\u015fteriler, tar\u0131m ve hayvanc\u0131l\u0131k \u00fcr\u00fcnlerinin \u00fcretimini art\u0131rmak ve geli\u015ftirmek i\u00e7in Kalitesini, mahremiyetini, yerel mahremiyetini, g\u0131das\u0131n\u0131, g\u00fcvenli ve verimli \u00e7al\u0131\u015fma [&hellip;]\" \/>\n<meta property=\"og:url\" content=\"https:\/\/ahf.ngo\/fsl\/\" \/>\n<meta property=\"og:site_name\" content=\"\u0645\u0624\u0633\u0633\u0629 \u0627\u0644\u0634\u0627\u0645 \u0627\u0644\u0625\u0646\u0633\u0627\u0646\u064a\u0629\" \/>\n<meta property=\"article:modified_time\" content=\"2026-03-16T23:01:09+00:00\" \/>\n<meta name=\"twitter:card\" content=\"summary_large_image\" \/>\n<meta name=\"twitter:label1\" content=\"Tahmini okuma s\u00fcresi\" \/>\n\t<meta name=\"twitter:data1\" content=\"4 dakika\" \/>\n<script type=\"application\/ld+json\" class=\"yoast-schema-graph\">{\"@context\":\"https:\\\/\\\/schema.org\",\"@graph\":[{\"@type\":\"WebPage\",\"@id\":\"https:\\\/\\\/ahf.ngo\\\/fsl\\\/\",\"url\":\"https:\\\/\\\/ahf.ngo\\\/fsl\\\/\",\"name\":\"G\u0131da G\u00fcvenli\u011fi ve Acil M\u00fcdahale Program\u0131 - \u0645\u0624\u0633\u0633\u0629 \u0627\u0644\u0634\u0627\u0645 \u0627\u0644\u0625\u0646\u0633\u0627\u0646\u064a\u0629\",\"isPartOf\":{\"@id\":\"https:\\\/\\\/ahf.ngo\\\/#website\"},\"datePublished\":\"2017-10-04T10:31:19+00:00\",\"dateModified\":\"2026-03-16T23:01:09+00:00\",\"breadcrumb\":{\"@id\":\"https:\\\/\\\/ahf.ngo\\\/fsl\\\/#breadcrumb\"},\"inLanguage\":\"tr\",\"potentialAction\":[{\"@type\":\"ReadAction\",\"target\":[\"https:\\\/\\\/ahf.ngo\\\/fsl\\\/\"]}]},{\"@type\":\"BreadcrumbList\",\"@id\":\"https:\\\/\\\/ahf.ngo\\\/fsl\\\/#breadcrumb\",\"itemListElement\":[{\"@type\":\"ListItem\",\"position\":1,\"name\":\"\u0627\u0644\u0631\u0626\u064a\u0633\u064a\u0629\",\"item\":\"https:\\\/\\\/ahf.ngo\\\/\"},{\"@type\":\"ListItem\",\"position\":2,\"name\":\"G\u0131da G\u00fcvenli\u011fi ve Acil M\u00fcdahale Program\u0131\"}]},{\"@type\":\"WebSite\",\"@id\":\"https:\\\/\\\/ahf.ngo\\\/#website\",\"url\":\"https:\\\/\\\/ahf.ngo\\\/\",\"name\":\"\u0645\u0624\u0633\u0633\u0629 \u0627\u0644\u0634\u0627\u0645 \u0627\u0644\u0625\u0646\u0633\u0627\u0646\u064a\u0629\",\"description\":\"\u0648\u0627\u062d\u062f\u0629 \u0645\u0646 \u0623\u0643\u0628\u0631 \u0627\u0644\u0645\u0624\u0633\u0633\u0627\u062a \u0627\u0644\u0625\u0646\u0633\u0627\u0646\u064a\u0629 \u0627\u0644\u0639\u0627\u0645\u0644\u0629 \u0641\u064a \u0633\u0648\u0631\u064a\u0627\",\"publisher\":{\"@id\":\"https:\\\/\\\/ahf.ngo\\\/#organization\"},\"potentialAction\":[{\"@type\":\"SearchAction\",\"target\":{\"@type\":\"EntryPoint\",\"urlTemplate\":\"https:\\\/\\\/ahf.ngo\\\/?s={search_term_string}\"},\"query-input\":{\"@type\":\"PropertyValueSpecification\",\"valueRequired\":true,\"valueName\":\"search_term_string\"}}],\"inLanguage\":\"tr\"},{\"@type\":\"Organization\",\"@id\":\"https:\\\/\\\/ahf.ngo\\\/#organization\",\"name\":\"\u0645\u0624\u0633\u0633\u0629 \u0627\u0644\u0634\u0627\u0645 \u0627\u0644\u0625\u0646\u0633\u0627\u0646\u064a\u0629\",\"url\":\"https:\\\/\\\/ahf.ngo\\\/\",\"logo\":{\"@type\":\"ImageObject\",\"inLanguage\":\"tr\",\"@id\":\"https:\\\/\\\/ahf.ngo\\\/#\\\/schema\\\/logo\\\/image\\\/\",\"url\":\"https:\\\/\\\/ahf.ngo\\\/wp-content\\\/uploads\\\/2021\\\/06\\\/LOGO.avif\",\"contentUrl\":\"https:\\\/\\\/ahf.ngo\\\/wp-content\\\/uploads\\\/2021\\\/06\\\/LOGO.avif\",\"width\":1413,\"height\":1358,\"caption\":\"\u0645\u0624\u0633\u0633\u0629 \u0627\u0644\u0634\u0627\u0645 \u0627\u0644\u0625\u0646\u0633\u0627\u0646\u064a\u0629\"},\"image\":{\"@id\":\"https:\\\/\\\/ahf.ngo\\\/#\\\/schema\\\/logo\\\/image\\\/\"}}]}<\/script>\n<!-- \/ Yoast SEO plugin. -->","yoast_head_json":{"title":"G\u0131da G\u00fcvenli\u011fi ve Acil M\u00fcdahale Program\u0131 - \u0645\u0624\u0633\u0633\u0629 \u0627\u0644\u0634\u0627\u0645 \u0627\u0644\u0625\u0646\u0633\u0627\u0646\u064a\u0629","robots":{"index":"index","follow":"follow","max-snippet":"max-snippet:-1","max-image-preview":"max-image-preview:large","max-video-preview":"max-video-preview:-1"},"canonical":"https:\/\/ahf.ngo\/fsl\/","og_locale":"tr_TR","og_type":"article","og_title":"G\u0131da G\u00fcvenli\u011fi ve Acil M\u00fcdahale Program\u0131 - \u0645\u0624\u0633\u0633\u0629 \u0627\u0644\u0634\u0627\u0645 \u0627\u0644\u0625\u0646\u0633\u0627\u0646\u064a\u0629","og_description":"G\u0131da g\u00fcvenli\u011fi ve ge\u00e7im kaynaklar\u0131 \u00dcr\u00fcn, insan\u0131n \u00f6nemini vurgulamay\u0131 ama\u00e7layan g\u00f6revler \u00fczerinde \u00e7al\u0131\u015f\u0131yor \u00dczg\u00fcn\u00fcm \u00dczg\u00fcn\u00fcm \u00dczg\u00fcn\u00fcm \u00dczg\u00fcn\u00fcm diye bir \u015fey yok \u00dczg\u00fcn\u00fcm \u00dczg\u00fcn\u00fcm Tar\u0131m, refah alanlar\u0131nda ekonomik kalk\u0131nmay\u0131 te\u015fvik edecek projelerin uygulanmas\u0131 , ticari \u00fcr\u00fcnler ve m\u00fc\u015fteriler, tar\u0131m ve hayvanc\u0131l\u0131k \u00fcr\u00fcnlerinin \u00fcretimini art\u0131rmak ve geli\u015ftirmek i\u00e7in Kalitesini, mahremiyetini, yerel mahremiyetini, g\u0131das\u0131n\u0131, g\u00fcvenli ve verimli \u00e7al\u0131\u015fma [&hellip;]","og_url":"https:\/\/ahf.ngo\/fsl\/","og_site_name":"\u0645\u0624\u0633\u0633\u0629 \u0627\u0644\u0634\u0627\u0645 \u0627\u0644\u0625\u0646\u0633\u0627\u0646\u064a\u0629","article_modified_time":"2026-03-16T23:01:09+00:00","twitter_card":"summary_large_image","twitter_misc":{"Tahmini okuma s\u00fcresi":"4 dakika"},"schema":{"@context":"https:\/\/schema.org","@graph":[{"@type":"WebPage","@id":"https:\/\/ahf.ngo\/fsl\/","url":"https:\/\/ahf.ngo\/fsl\/","name":"G\u0131da G\u00fcvenli\u011fi ve Acil M\u00fcdahale Program\u0131 - \u0645\u0624\u0633\u0633\u0629 \u0627\u0644\u0634\u0627\u0645 \u0627\u0644\u0625\u0646\u0633\u0627\u0646\u064a\u0629","isPartOf":{"@id":"https:\/\/ahf.ngo\/#website"},"datePublished":"2017-10-04T10:31:19+00:00","dateModified":"2026-03-16T23:01:09+00:00","breadcrumb":{"@id":"https:\/\/ahf.ngo\/fsl\/#breadcrumb"},"inLanguage":"tr","potentialAction":[{"@type":"ReadAction","target":["https:\/\/ahf.ngo\/fsl\/"]}]},{"@type":"BreadcrumbList","@id":"https:\/\/ahf.ngo\/fsl\/#breadcrumb","itemListElement":[{"@type":"ListItem","position":1,"name":"\u0627\u0644\u0631\u0626\u064a\u0633\u064a\u0629","item":"https:\/\/ahf.ngo\/"},{"@type":"ListItem","position":2,"name":"G\u0131da G\u00fcvenli\u011fi ve Acil M\u00fcdahale Program\u0131"}]},{"@type":"WebSite","@id":"https:\/\/ahf.ngo\/#website","url":"https:\/\/ahf.ngo\/","name":"\u0645\u0624\u0633\u0633\u0629 \u0627\u0644\u0634\u0627\u0645 \u0627\u0644\u0625\u0646\u0633\u0627\u0646\u064a\u0629","description":"\u0648\u0627\u062d\u062f\u0629 \u0645\u0646 \u0623\u0643\u0628\u0631 \u0627\u0644\u0645\u0624\u0633\u0633\u0627\u062a \u0627\u0644\u0625\u0646\u0633\u0627\u0646\u064a\u0629 \u0627\u0644\u0639\u0627\u0645\u0644\u0629 \u0641\u064a \u0633\u0648\u0631\u064a\u0627","publisher":{"@id":"https:\/\/ahf.ngo\/#organization"},"potentialAction":[{"@type":"SearchAction","target":{"@type":"EntryPoint","urlTemplate":"https:\/\/ahf.ngo\/?s={search_term_string}"},"query-input":{"@type":"PropertyValueSpecification","valueRequired":true,"valueName":"search_term_string"}}],"inLanguage":"tr"},{"@type":"Organization","@id":"https:\/\/ahf.ngo\/#organization","name":"\u0645\u0624\u0633\u0633\u0629 \u0627\u0644\u0634\u0627\u0645 \u0627\u0644\u0625\u0646\u0633\u0627\u0646\u064a\u0629","url":"https:\/\/ahf.ngo\/","logo":{"@type":"ImageObject","inLanguage":"tr","@id":"https:\/\/ahf.ngo\/#\/schema\/logo\/image\/","url":"https:\/\/ahf.ngo\/wp-content\/uploads\/2021\/06\/LOGO.avif","contentUrl":"https:\/\/ahf.ngo\/wp-content\/uploads\/2021\/06\/LOGO.avif","width":1413,"height":1358,"caption":"\u0645\u0624\u0633\u0633\u0629 \u0627\u0644\u0634\u0627\u0645 \u0627\u0644\u0625\u0646\u0633\u0627\u0646\u064a\u0629"},"image":{"@id":"https:\/\/ahf.ngo\/#\/schema\/logo\/image\/"}}]}},"_links":{"self":[{"href":"https:\/\/ahf.ngo\/tr\/wp-json\/wp\/v2\/pages\/6797","targetHints":{"allow":["GET"]}}],"collection":[{"href":"https:\/\/ahf.ngo\/tr\/wp-json\/wp\/v2\/pages"}],"about":[{"href":"https:\/\/ahf.ngo\/tr\/wp-json\/wp\/v2\/types\/page"}],"author":[{"embeddable":true,"href":"https:\/\/ahf.ngo\/tr\/wp-json\/wp\/v2\/users\/1"}],"replies":[{"embeddable":true,"href":"https:\/\/ahf.ngo\/tr\/wp-json\/wp\/v2\/comments?post=6797"}],"version-history":[{"count":6,"href":"https:\/\/ahf.ngo\/tr\/wp-json\/wp\/v2\/pages\/6797\/revisions"}],"predecessor-version":[{"id":38429,"href":"https:\/\/ahf.ngo\/tr\/wp-json\/wp\/v2\/pages\/6797\/revisions\/38429"}],"wp:attachment":[{"href":"https:\/\/ahf.ngo\/tr\/wp-json\/wp\/v2\/media?parent=6797"}],"curies":[{"name":"wp","href":"https:\/\/api.w.org\/{rel}","templated":true}]}}