{"id":6817,"date":"2017-10-04T14:02:52","date_gmt":"2017-10-04T11:02:52","guid":{"rendered":"https:\/\/alshamfoundation.com\/?page_id=6817"},"modified":"2026-03-17T02:01:10","modified_gmt":"2026-03-16T23:01:10","slug":"koruma","status":"publish","type":"page","link":"https:\/\/ahf.ngo\/tr\/koruma\/","title":{"rendered":"koruma program\u0131"},"content":{"rendered":"\t\t<div data-elementor-type=\"wp-page\" data-elementor-id=\"6817\" class=\"elementor elementor-6817\" data-elementor-post-type=\"page\">\n\t\t\t\t<div class=\"elementor-element elementor-element-14ea60b2 e-flex e-con-boxed e-con e-parent\" data-id=\"14ea60b2\" data-element_type=\"container\" data-e-type=\"container\" data-settings=\"{&quot;background_background&quot;:&quot;classic&quot;}\">\n\t\t\t\t\t<div class=\"e-con-inner\">\n\t\t\t\t<div class=\"elementor-element elementor-element-5b2dae7e elementor-widget elementor-widget-heading\" data-id=\"5b2dae7e\" data-element_type=\"widget\" data-e-type=\"widget\" data-widget_type=\"heading.default\">\n\t\t\t\t<div class=\"elementor-widget-container\">\n\t\t\t\t\t<h2 class=\"elementor-heading-title elementor-size-default\">koruma program\u0131<\/h2>\t\t\t\t<\/div>\n\t\t\t\t<\/div>\n\t\t\t\t\t<\/div>\n\t\t\t\t<\/div>\n\t\t\t\t<section class=\"elementor-section elementor-top-section elementor-element elementor-element-8bfad63 elementor-section-boxed elementor-section-height-default elementor-section-height-default\" data-id=\"8bfad63\" data-element_type=\"section\" data-e-type=\"section\">\n\t\t\t\t\t\t<div class=\"elementor-container elementor-column-gap-default\">\n\t\t\t\t\t<div class=\"elementor-column elementor-col-100 elementor-top-column elementor-element elementor-element-8e0ac5a\" data-id=\"8e0ac5a\" data-element_type=\"column\" data-e-type=\"column\">\n\t\t\t<div class=\"elementor-widget-wrap elementor-element-populated\">\n\t\t\t\t\t\t<div class=\"elementor-element elementor-element-7ee19f63 elementor-widget elementor-widget-text-editor\" data-id=\"7ee19f63\" data-element_type=\"widget\" data-e-type=\"widget\" data-widget_type=\"text-editor.default\">\n\t\t\t\t<div class=\"elementor-widget-container\">\n\t\t\t\t\t\t\t\t\t\u0644\u0627 \u0634\u0643 \u0623\u0646 \u0627\u0644\u0623\u0632\u0645\u0627\u062a \u0627\u0644\u0628\u0634\u0631\u064a\u0629 \u062a\u062a\u0631\u0643 \u062a\u0623\u062b\u064a\u0631\u0647\u0627 \u0639\u0644\u0649 \u0627\u0644\u0641\u0626\u0627\u062a \u0627\u0644\u0623\u0643\u062b\u0631 \u0636\u0639\u0641\u0627\u064b \u0628\u0634\u0643\u0644 \u0623\u0648\u0636\u062d \u0648 \u0623\u0643\u0628\u0631 \u0645\u0646 \u063a\u064a\u0631\u0647\u0645\u060c \u0643\u0641\u0626\u0629 \u0627\u0644\u0623\u0637\u0641\u0627\u0644 \u0623\u0648 \u0627\u0644\u0646\u0633\u0627\u0621 \u0623\u0648 \u0627\u0644\u0634\u064a\u0648\u062e\u060c \u0644\u0630\u0644\u0643 \u0643\u0627\u0646 \u0644\u0627 \u0628\u062f \u0645\u0646 \u062a\u0642\u062f\u064a\u0645 \u062f\u0639\u0645 \u062e\u0627\u0635 \u0644\u0647\u0630\u0647 \u0627\u0644\u0641\u0626\u0627\u062a\u060c \u0648 \u0630\u0644\u0643 \u0644\u062f\u0639\u0645\u0647\u0645 \u0641\u064a \u0645\u0648\u0627\u062c\u0647\u0629 \u062a\u0644\u0643 \u0627\u0644\u0638\u0631\u0648\u0641 \u0627\u0644\u0642\u0627\u0633\u064a\u0629\u060c \u0648 \u0630\u0644\u0643 \u0639\u0628\u0631 \u062a\u0623\u0645\u064a\u0646 \u062d\u0627\u062c\u0627\u062a\u0647\u0645 \u0627\u0644\u0646\u0641\u0633\u064a\u0629 \u0625\u0636\u0627\u0641\u0629 \u0625\u0644\u0649 \u0627\u0644\u062c\u0633\u062f\u064a\u0629\u060c \u0648 \u064a\u062a\u0645 \u0630\u0644\u0643 \u0645\u0646 \u062e\u0644\u0627\u0644 \u0645\u0634\u0627\u0631\u064a\u0639 \u0643\u0641\u0627\u0644\u0627\u062a \u0627\u0644\u0623\u064a\u062a\u0627\u0645 \u0648\u0627\u0644\u0623\u0633\u0631 \u0627\u0644\u062a\u064a \u0641\u0642\u062f\u062a \u0645\u0639\u064a\u0644\u0647\u0627\u060c \u0648\u062a\u0639\u0632\u064a\u0632 \u062f\u0648\u0631 \u0627\u0644\u0645\u0631\u0623\u0629 \u0641\u064a \u0627\u0644\u0639\u0645\u0644\u060c \u0648 \u0630\u0644\u0643 \u0639\u0646 \u0637\u0631\u064a\u0642 \u0625\u0639\u0637\u0627\u0621 \u0623\u0648\u0644\u0648\u064a\u0629 \u0644\u0644\u0645\u0634\u0627\u0631\u064a\u0639 \u0627\u0644\u062a\u064a \u062a\u0634\u0627\u0631\u0643 \u0627\u0644\u0645\u0631\u0623\u0629 \u0641\u064a \u062a\u0646\u0641\u064a\u0630\u0647\u0627 \u0648 \u0631\u0639\u0627\u064a\u0629 \u0627\u0644\u0645\u0646\u062a\u062c\u0627\u062a \u0627\u0644\u062a\u064a \u062a\u062b\u0645\u0631 \u0639\u0646 \u062a\u0644\u0643 \u0627\u0644\u0645\u0634\u0627\u0631\u064a\u0639.\t\t\t\t\t\t\t\t<\/div>\n\t\t\t\t<\/div>\n\t\t\t\t\t<\/div>\n\t\t<\/div>\n\t\t\t\t\t<\/div>\n\t\t<\/section>\n\t\t\t\t<section class=\"elementor-section elementor-top-section elementor-element elementor-element-7ef6001b elementor-section-boxed elementor-section-height-default elementor-section-height-default\" data-id=\"7ef6001b\" data-element_type=\"section\" data-e-type=\"section\">\n\t\t\t\t\t\t<div class=\"elementor-container elementor-column-gap-default\">\n\t\t\t\t\t<div class=\"elementor-column elementor-col-100 elementor-top-column elementor-element elementor-element-5c38d564\" data-id=\"5c38d564\" data-element_type=\"column\" data-e-type=\"column\">\n\t\t\t<div class=\"elementor-widget-wrap elementor-element-populated\">\n\t\t\t\t\t\t\t<\/div>\n\t\t<\/div>\n\t\t\t\t\t<\/div>\n\t\t<\/section>\n\t\t\t\t<section class=\"elementor-section elementor-top-section elementor-element elementor-element-78360eb4 elementor-section-boxed elementor-section-height-default elementor-section-height-default\" data-id=\"78360eb4\" data-element_type=\"section\" data-e-type=\"section\">\n\t\t\t\t\t\t<div class=\"elementor-container elementor-column-gap-default\">\n\t\t\t\t\t<div class=\"elementor-column elementor-col-100 elementor-top-column elementor-element elementor-element-2a4e79e2\" data-id=\"2a4e79e2\" data-element_type=\"column\" data-e-type=\"column\">\n\t\t\t<div class=\"elementor-widget-wrap elementor-element-populated\">\n\t\t\t\t\t\t<div class=\"elementor-element elementor-element-312fae37 elementor-widget elementor-widget-heading\" data-id=\"312fae37\" data-element_type=\"widget\" data-e-type=\"widget\" data-widget_type=\"heading.default\">\n\t\t\t\t<div class=\"elementor-widget-container\">\n\t\t\t\t\t<h2 class=\"elementor-heading-title elementor-size-default\">\u062a\u0627\u0628\u0639\u0646\u0627 \u0639\u0644\u0649 \u0627\u0644\u0634\u0628\u0643\u0627\u062a \u0627\u0644\u0625\u062c\u062a\u0645\u0627\u0639\u064a\u0629<\/h2>\t\t\t\t<\/div>\n\t\t\t\t<\/div>\n\t\t\t\t<div class=\"elementor-element elementor-element-47215cef elementor-shape-circle elementor-grid-0 e-grid-align-center elementor-widget elementor-widget-social-icons\" data-id=\"47215cef\" data-element_type=\"widget\" data-e-type=\"widget\" data-widget_type=\"social-icons.default\">\n\t\t\t\t<div class=\"elementor-widget-container\">\n\t\t\t\t\t\t\t<div class=\"elementor-social-icons-wrapper elementor-grid\" role=\"list\">\n\t\t\t\t\t\t\t<span class=\"elementor-grid-item\" role=\"listitem\">\n\t\t\t\t\t<a class=\"elementor-icon elementor-social-icon elementor-social-icon-facebook elementor-repeater-item-588762f\" href=\"https:\/\/www.facebook.com\/ahfrelief\" target=\"_blank\">\n\t\t\t\t\t\t<span class=\"elementor-screen-only\">Facebook<\/span>\n\t\t\t\t\t\t<i aria-hidden=\"true\" class=\"fab fa-facebook\"><\/i>\t\t\t\t\t<\/a>\n\t\t\t\t<\/span>\n\t\t\t\t\t\t\t<span class=\"elementor-grid-item\" role=\"listitem\">\n\t\t\t\t\t<a class=\"elementor-icon elementor-social-icon elementor-social-icon-icon-twitter-x elementor-repeater-item-e850f28\" href=\"https:\/\/twitter.com\/ahfrelief\" target=\"_blank\">\n\t\t\t\t\t\t<span class=\"elementor-screen-only\">Icon-twitter-x<\/span>\n\t\t\t\t\t\t<i aria-hidden=\"true\" class=\"icon icon-twitter-x\"><\/i>\t\t\t\t\t<\/a>\n\t\t\t\t<\/span>\n\t\t\t\t\t\t\t<span class=\"elementor-grid-item\" role=\"listitem\">\n\t\t\t\t\t<a class=\"elementor-icon elementor-social-icon elementor-social-icon-instagram elementor-repeater-item-5a2da78\" href=\"https:\/\/www.instagram.com\/ahfrelief\/\" target=\"_blank\">\n\t\t\t\t\t\t<span class=\"elementor-screen-only\">Instagram<\/span>\n\t\t\t\t\t\t<i aria-hidden=\"true\" class=\"fab fa-instagram\"><\/i>\t\t\t\t\t<\/a>\n\t\t\t\t<\/span>\n\t\t\t\t\t\t\t<span class=\"elementor-grid-item\" role=\"listitem\">\n\t\t\t\t\t<a class=\"elementor-icon elementor-social-icon elementor-social-icon-youtube elementor-repeater-item-5a6499d\" href=\"https:\/\/www.youtube.com\/channel\/UCJ0hjzvizHjAnpTbAB2fIHg\" target=\"_blank\">\n\t\t\t\t\t\t<span class=\"elementor-screen-only\">Youtube<\/span>\n\t\t\t\t\t\t<i aria-hidden=\"true\" class=\"fab fa-youtube\"><\/i>\t\t\t\t\t<\/a>\n\t\t\t\t<\/span>\n\t\t\t\t\t\t\t<span class=\"elementor-grid-item\" role=\"listitem\">\n\t\t\t\t\t<a class=\"elementor-icon elementor-social-icon elementor-social-icon-linkedin elementor-repeater-item-92dc814\" href=\"https:\/\/www.linkedin.com\/company\/ahfrelief\" target=\"_blank\">\n\t\t\t\t\t\t<span class=\"elementor-screen-only\">Linkedin<\/span>\n\t\t\t\t\t\t<i aria-hidden=\"true\" class=\"fab fa-linkedin\"><\/i>\t\t\t\t\t<\/a>\n\t\t\t\t<\/span>\n\t\t\t\t\t<\/div>\n\t\t\t\t\t\t<\/div>\n\t\t\t\t<\/div>\n\t\t\t\t\t<\/div>\n\t\t<\/div>\n\t\t\t\t\t<\/div>\n\t\t<\/section>\n\t\t\t\t<\/div>\n\t\t","protected":false},"excerpt":{"rendered":"<p>Koruma Program, 2023 ve 3RP insani m\u00fcdahale planlar\u0131 kapsam\u0131nda Suriye&#8217;nin kuzeybat\u0131s\u0131ndaki \u0130dlib, Halep&#8217;in kuzey k\u0131rsal\u0131 ve T\u00fcrkiye&#8217;nin g\u00fcneydo\u011fusu, Adana ve Hatay eyaletlerinde \u00e7al\u0131\u015f\u0131yor. \u00d6nlemeyi geli\u015ftirmeyi ve tam sayg\u0131y\u0131 sa\u011flamaya y\u00f6nelik faaliyetler sa\u011flamay\u0131 ama\u00e7l\u0131yor. Ayr\u0131mc\u0131l\u0131k olmaks\u0131z\u0131n bireysel haklar i\u00e7in ve en savunmas\u0131z ve k\u0131r\u0131lgan gruplar\u0131n \u0130lkeleri ve ihtiya\u00e7lar\u0131na dayal\u0131 olarak kaliteli yard\u0131m sa\u011flamak ve sava\u015ftan etkilenen [&hellip;]<\/p>\n","protected":false},"author":1,"featured_media":16703,"parent":0,"menu_order":0,"comment_status":"closed","ping_status":"closed","template":"","meta":{"footnotes":""},"class_list":["post-6817","page","type-page","status-publish","has-post-thumbnail","hentry"],"yoast_head":"<!-- This site is optimized with the Yoast SEO plugin v27.3 - https:\/\/yoast.com\/product\/yoast-seo-wordpress\/ -->\n<title>koruma program\u0131 - \u0645\u0624\u0633\u0633\u0629 \u0627\u0644\u0634\u0627\u0645 \u0627\u0644\u0625\u0646\u0633\u0627\u0646\u064a\u0629<\/title>\n<meta name=\"robots\" content=\"index, follow, max-snippet:-1, max-image-preview:large, max-video-preview:-1\" \/>\n<link rel=\"canonical\" href=\"https:\/\/ahf.ngo\/protection-2\/\" \/>\n<meta property=\"og:locale\" content=\"tr_TR\" \/>\n<meta property=\"og:type\" content=\"article\" \/>\n<meta property=\"og:title\" content=\"koruma program\u0131 - \u0645\u0624\u0633\u0633\u0629 \u0627\u0644\u0634\u0627\u0645 \u0627\u0644\u0625\u0646\u0633\u0627\u0646\u064a\u0629\" \/>\n<meta property=\"og:description\" content=\"Koruma Program, 2023 ve 3RP insani m\u00fcdahale planlar\u0131 kapsam\u0131nda Suriye&#8217;nin kuzeybat\u0131s\u0131ndaki \u0130dlib, Halep&#8217;in kuzey k\u0131rsal\u0131 ve T\u00fcrkiye&#8217;nin g\u00fcneydo\u011fusu, Adana ve Hatay eyaletlerinde \u00e7al\u0131\u015f\u0131yor. \u00d6nlemeyi geli\u015ftirmeyi ve tam sayg\u0131y\u0131 sa\u011flamaya y\u00f6nelik faaliyetler sa\u011flamay\u0131 ama\u00e7l\u0131yor. Ayr\u0131mc\u0131l\u0131k olmaks\u0131z\u0131n bireysel haklar i\u00e7in ve en savunmas\u0131z ve k\u0131r\u0131lgan gruplar\u0131n \u0130lkeleri ve ihtiya\u00e7lar\u0131na dayal\u0131 olarak kaliteli yard\u0131m sa\u011flamak ve sava\u015ftan etkilenen [&hellip;]\" \/>\n<meta property=\"og:url\" content=\"https:\/\/ahf.ngo\/protection-2\/\" \/>\n<meta property=\"og:site_name\" content=\"\u0645\u0624\u0633\u0633\u0629 \u0627\u0644\u0634\u0627\u0645 \u0627\u0644\u0625\u0646\u0633\u0627\u0646\u064a\u0629\" \/>\n<meta property=\"article:modified_time\" content=\"2026-03-16T23:01:10+00:00\" \/>\n<meta property=\"og:image\" content=\"https:\/\/ahf.ngo\/wp-content\/uploads\/2019\/12\/\u0635\u0648\u0631-\u0627\u0644\u062d\u0645\u0627\u064a\u0629.jpg\" \/>\n\t<meta property=\"og:image:width\" content=\"1872\" \/>\n\t<meta property=\"og:image:height\" content=\"450\" \/>\n\t<meta property=\"og:image:type\" content=\"image\/jpeg\" \/>\n<meta name=\"twitter:card\" content=\"summary_large_image\" \/>\n<meta name=\"twitter:label1\" content=\"Tahmini okuma s\u00fcresi\" \/>\n\t<meta name=\"twitter:data1\" content=\"2 dakika\" \/>\n<script type=\"application\/ld+json\" class=\"yoast-schema-graph\">{\"@context\":\"https:\\\/\\\/schema.org\",\"@graph\":[{\"@type\":\"WebPage\",\"@id\":\"https:\\\/\\\/ahf.ngo\\\/protection-2\\\/\",\"url\":\"https:\\\/\\\/ahf.ngo\\\/protection-2\\\/\",\"name\":\"koruma program\u0131 - \u0645\u0624\u0633\u0633\u0629 \u0627\u0644\u0634\u0627\u0645 \u0627\u0644\u0625\u0646\u0633\u0627\u0646\u064a\u0629\",\"isPartOf\":{\"@id\":\"https:\\\/\\\/ahf.ngo\\\/#website\"},\"primaryImageOfPage\":{\"@id\":\"https:\\\/\\\/ahf.ngo\\\/protection-2\\\/#primaryimage\"},\"image\":{\"@id\":\"https:\\\/\\\/ahf.ngo\\\/protection-2\\\/#primaryimage\"},\"thumbnailUrl\":\"https:\\\/\\\/ahf.ngo\\\/wp-content\\\/uploads\\\/2019\\\/12\\\/\u0635\u0648\u0631-\u0627\u0644\u062d\u0645\u0627\u064a\u0629.avif\",\"datePublished\":\"2017-10-04T11:02:52+00:00\",\"dateModified\":\"2026-03-16T23:01:10+00:00\",\"breadcrumb\":{\"@id\":\"https:\\\/\\\/ahf.ngo\\\/protection-2\\\/#breadcrumb\"},\"inLanguage\":\"tr\",\"potentialAction\":[{\"@type\":\"ReadAction\",\"target\":[\"https:\\\/\\\/ahf.ngo\\\/protection-2\\\/\"]}]},{\"@type\":\"ImageObject\",\"inLanguage\":\"tr\",\"@id\":\"https:\\\/\\\/ahf.ngo\\\/protection-2\\\/#primaryimage\",\"url\":\"https:\\\/\\\/ahf.ngo\\\/wp-content\\\/uploads\\\/2019\\\/12\\\/\u0635\u0648\u0631-\u0627\u0644\u062d\u0645\u0627\u064a\u0629.avif\",\"contentUrl\":\"https:\\\/\\\/ahf.ngo\\\/wp-content\\\/uploads\\\/2019\\\/12\\\/\u0635\u0648\u0631-\u0627\u0644\u062d\u0645\u0627\u064a\u0629.avif\",\"width\":1872,\"height\":450},{\"@type\":\"BreadcrumbList\",\"@id\":\"https:\\\/\\\/ahf.ngo\\\/protection-2\\\/#breadcrumb\",\"itemListElement\":[{\"@type\":\"ListItem\",\"position\":1,\"name\":\"\u0627\u0644\u0631\u0626\u064a\u0633\u064a\u0629\",\"item\":\"https:\\\/\\\/ahf.ngo\\\/\"},{\"@type\":\"ListItem\",\"position\":2,\"name\":\"koruma program\u0131\"}]},{\"@type\":\"WebSite\",\"@id\":\"https:\\\/\\\/ahf.ngo\\\/#website\",\"url\":\"https:\\\/\\\/ahf.ngo\\\/\",\"name\":\"\u0645\u0624\u0633\u0633\u0629 \u0627\u0644\u0634\u0627\u0645 \u0627\u0644\u0625\u0646\u0633\u0627\u0646\u064a\u0629\",\"description\":\"\u0648\u0627\u062d\u062f\u0629 \u0645\u0646 \u0623\u0643\u0628\u0631 \u0627\u0644\u0645\u0624\u0633\u0633\u0627\u062a \u0627\u0644\u0625\u0646\u0633\u0627\u0646\u064a\u0629 \u0627\u0644\u0639\u0627\u0645\u0644\u0629 \u0641\u064a \u0633\u0648\u0631\u064a\u0627\",\"publisher\":{\"@id\":\"https:\\\/\\\/ahf.ngo\\\/#organization\"},\"potentialAction\":[{\"@type\":\"SearchAction\",\"target\":{\"@type\":\"EntryPoint\",\"urlTemplate\":\"https:\\\/\\\/ahf.ngo\\\/?s={search_term_string}\"},\"query-input\":{\"@type\":\"PropertyValueSpecification\",\"valueRequired\":true,\"valueName\":\"search_term_string\"}}],\"inLanguage\":\"tr\"},{\"@type\":\"Organization\",\"@id\":\"https:\\\/\\\/ahf.ngo\\\/#organization\",\"name\":\"\u0645\u0624\u0633\u0633\u0629 \u0627\u0644\u0634\u0627\u0645 \u0627\u0644\u0625\u0646\u0633\u0627\u0646\u064a\u0629\",\"url\":\"https:\\\/\\\/ahf.ngo\\\/\",\"logo\":{\"@type\":\"ImageObject\",\"inLanguage\":\"tr\",\"@id\":\"https:\\\/\\\/ahf.ngo\\\/#\\\/schema\\\/logo\\\/image\\\/\",\"url\":\"https:\\\/\\\/ahf.ngo\\\/wp-content\\\/uploads\\\/2021\\\/06\\\/LOGO.avif\",\"contentUrl\":\"https:\\\/\\\/ahf.ngo\\\/wp-content\\\/uploads\\\/2021\\\/06\\\/LOGO.avif\",\"width\":1413,\"height\":1358,\"caption\":\"\u0645\u0624\u0633\u0633\u0629 \u0627\u0644\u0634\u0627\u0645 \u0627\u0644\u0625\u0646\u0633\u0627\u0646\u064a\u0629\"},\"image\":{\"@id\":\"https:\\\/\\\/ahf.ngo\\\/#\\\/schema\\\/logo\\\/image\\\/\"}}]}<\/script>\n<!-- \/ Yoast SEO plugin. -->","yoast_head_json":{"title":"koruma program\u0131 - \u0645\u0624\u0633\u0633\u0629 \u0627\u0644\u0634\u0627\u0645 \u0627\u0644\u0625\u0646\u0633\u0627\u0646\u064a\u0629","robots":{"index":"index","follow":"follow","max-snippet":"max-snippet:-1","max-image-preview":"max-image-preview:large","max-video-preview":"max-video-preview:-1"},"canonical":"https:\/\/ahf.ngo\/protection-2\/","og_locale":"tr_TR","og_type":"article","og_title":"koruma program\u0131 - \u0645\u0624\u0633\u0633\u0629 \u0627\u0644\u0634\u0627\u0645 \u0627\u0644\u0625\u0646\u0633\u0627\u0646\u064a\u0629","og_description":"Koruma Program, 2023 ve 3RP insani m\u00fcdahale planlar\u0131 kapsam\u0131nda Suriye&#8217;nin kuzeybat\u0131s\u0131ndaki \u0130dlib, Halep&#8217;in kuzey k\u0131rsal\u0131 ve T\u00fcrkiye&#8217;nin g\u00fcneydo\u011fusu, Adana ve Hatay eyaletlerinde \u00e7al\u0131\u015f\u0131yor. \u00d6nlemeyi geli\u015ftirmeyi ve tam sayg\u0131y\u0131 sa\u011flamaya y\u00f6nelik faaliyetler sa\u011flamay\u0131 ama\u00e7l\u0131yor. Ayr\u0131mc\u0131l\u0131k olmaks\u0131z\u0131n bireysel haklar i\u00e7in ve en savunmas\u0131z ve k\u0131r\u0131lgan gruplar\u0131n \u0130lkeleri ve ihtiya\u00e7lar\u0131na dayal\u0131 olarak kaliteli yard\u0131m sa\u011flamak ve sava\u015ftan etkilenen [&hellip;]","og_url":"https:\/\/ahf.ngo\/protection-2\/","og_site_name":"\u0645\u0624\u0633\u0633\u0629 \u0627\u0644\u0634\u0627\u0645 \u0627\u0644\u0625\u0646\u0633\u0627\u0646\u064a\u0629","article_modified_time":"2026-03-16T23:01:10+00:00","og_image":[{"width":1872,"height":450,"url":"https:\/\/ahf.ngo\/wp-content\/uploads\/2019\/12\/\u0635\u0648\u0631-\u0627\u0644\u062d\u0645\u0627\u064a\u0629.jpg","type":"image\/jpeg"}],"twitter_card":"summary_large_image","twitter_misc":{"Tahmini okuma s\u00fcresi":"2 dakika"},"schema":{"@context":"https:\/\/schema.org","@graph":[{"@type":"WebPage","@id":"https:\/\/ahf.ngo\/protection-2\/","url":"https:\/\/ahf.ngo\/protection-2\/","name":"koruma program\u0131 - \u0645\u0624\u0633\u0633\u0629 \u0627\u0644\u0634\u0627\u0645 \u0627\u0644\u0625\u0646\u0633\u0627\u0646\u064a\u0629","isPartOf":{"@id":"https:\/\/ahf.ngo\/#website"},"primaryImageOfPage":{"@id":"https:\/\/ahf.ngo\/protection-2\/#primaryimage"},"image":{"@id":"https:\/\/ahf.ngo\/protection-2\/#primaryimage"},"thumbnailUrl":"https:\/\/ahf.ngo\/wp-content\/uploads\/2019\/12\/\u0635\u0648\u0631-\u0627\u0644\u062d\u0645\u0627\u064a\u0629.avif","datePublished":"2017-10-04T11:02:52+00:00","dateModified":"2026-03-16T23:01:10+00:00","breadcrumb":{"@id":"https:\/\/ahf.ngo\/protection-2\/#breadcrumb"},"inLanguage":"tr","potentialAction":[{"@type":"ReadAction","target":["https:\/\/ahf.ngo\/protection-2\/"]}]},{"@type":"ImageObject","inLanguage":"tr","@id":"https:\/\/ahf.ngo\/protection-2\/#primaryimage","url":"https:\/\/ahf.ngo\/wp-content\/uploads\/2019\/12\/\u0635\u0648\u0631-\u0627\u0644\u062d\u0645\u0627\u064a\u0629.avif","contentUrl":"https:\/\/ahf.ngo\/wp-content\/uploads\/2019\/12\/\u0635\u0648\u0631-\u0627\u0644\u062d\u0645\u0627\u064a\u0629.avif","width":1872,"height":450},{"@type":"BreadcrumbList","@id":"https:\/\/ahf.ngo\/protection-2\/#breadcrumb","itemListElement":[{"@type":"ListItem","position":1,"name":"\u0627\u0644\u0631\u0626\u064a\u0633\u064a\u0629","item":"https:\/\/ahf.ngo\/"},{"@type":"ListItem","position":2,"name":"koruma program\u0131"}]},{"@type":"WebSite","@id":"https:\/\/ahf.ngo\/#website","url":"https:\/\/ahf.ngo\/","name":"\u0645\u0624\u0633\u0633\u0629 \u0627\u0644\u0634\u0627\u0645 \u0627\u0644\u0625\u0646\u0633\u0627\u0646\u064a\u0629","description":"\u0648\u0627\u062d\u062f\u0629 \u0645\u0646 \u0623\u0643\u0628\u0631 \u0627\u0644\u0645\u0624\u0633\u0633\u0627\u062a \u0627\u0644\u0625\u0646\u0633\u0627\u0646\u064a\u0629 \u0627\u0644\u0639\u0627\u0645\u0644\u0629 \u0641\u064a \u0633\u0648\u0631\u064a\u0627","publisher":{"@id":"https:\/\/ahf.ngo\/#organization"},"potentialAction":[{"@type":"SearchAction","target":{"@type":"EntryPoint","urlTemplate":"https:\/\/ahf.ngo\/?s={search_term_string}"},"query-input":{"@type":"PropertyValueSpecification","valueRequired":true,"valueName":"search_term_string"}}],"inLanguage":"tr"},{"@type":"Organization","@id":"https:\/\/ahf.ngo\/#organization","name":"\u0645\u0624\u0633\u0633\u0629 \u0627\u0644\u0634\u0627\u0645 \u0627\u0644\u0625\u0646\u0633\u0627\u0646\u064a\u0629","url":"https:\/\/ahf.ngo\/","logo":{"@type":"ImageObject","inLanguage":"tr","@id":"https:\/\/ahf.ngo\/#\/schema\/logo\/image\/","url":"https:\/\/ahf.ngo\/wp-content\/uploads\/2021\/06\/LOGO.avif","contentUrl":"https:\/\/ahf.ngo\/wp-content\/uploads\/2021\/06\/LOGO.avif","width":1413,"height":1358,"caption":"\u0645\u0624\u0633\u0633\u0629 \u0627\u0644\u0634\u0627\u0645 \u0627\u0644\u0625\u0646\u0633\u0627\u0646\u064a\u0629"},"image":{"@id":"https:\/\/ahf.ngo\/#\/schema\/logo\/image\/"}}]}},"_links":{"self":[{"href":"https:\/\/ahf.ngo\/tr\/wp-json\/wp\/v2\/pages\/6817","targetHints":{"allow":["GET"]}}],"collection":[{"href":"https:\/\/ahf.ngo\/tr\/wp-json\/wp\/v2\/pages"}],"about":[{"href":"https:\/\/ahf.ngo\/tr\/wp-json\/wp\/v2\/types\/page"}],"author":[{"embeddable":true,"href":"https:\/\/ahf.ngo\/tr\/wp-json\/wp\/v2\/users\/1"}],"replies":[{"embeddable":true,"href":"https:\/\/ahf.ngo\/tr\/wp-json\/wp\/v2\/comments?post=6817"}],"version-history":[{"count":7,"href":"https:\/\/ahf.ngo\/tr\/wp-json\/wp\/v2\/pages\/6817\/revisions"}],"predecessor-version":[{"id":38431,"href":"https:\/\/ahf.ngo\/tr\/wp-json\/wp\/v2\/pages\/6817\/revisions\/38431"}],"wp:featuredmedia":[{"embeddable":true,"href":"https:\/\/ahf.ngo\/tr\/wp-json\/wp\/v2\/media\/16703"}],"wp:attachment":[{"href":"https:\/\/ahf.ngo\/tr\/wp-json\/wp\/v2\/media?parent=6817"}],"curies":[{"name":"wp","href":"https:\/\/api.w.org\/{rel}","templated":true}]}}