{"id":6850,"date":"2017-10-09T17:20:52","date_gmt":"2017-10-09T14:20:52","guid":{"rendered":"https:\/\/alshamfoundation.com\/?page_id=6850"},"modified":"2026-03-17T02:01:11","modified_gmt":"2026-03-16T23:01:11","slug":"su-ve-sanitasyon","status":"publish","type":"page","link":"https:\/\/ahf.ngo\/tr\/su-ve-sanitasyon\/","title":{"rendered":"Su ve hijyen program\u0131"},"content":{"rendered":"\t\t<div data-elementor-type=\"wp-page\" data-elementor-id=\"6850\" class=\"elementor elementor-6850\" data-elementor-post-type=\"page\">\n\t\t\t\t<div class=\"elementor-element elementor-element-54d865a6 e-flex e-con-boxed e-con e-parent\" data-id=\"54d865a6\" data-element_type=\"container\" data-e-type=\"container\" data-settings=\"{&quot;background_background&quot;:&quot;classic&quot;}\">\n\t\t\t\t\t<div class=\"e-con-inner\">\n\t\t\t\t<div class=\"elementor-element elementor-element-432734dd elementor-widget elementor-widget-heading\" data-id=\"432734dd\" data-element_type=\"widget\" data-e-type=\"widget\" data-widget_type=\"heading.default\">\n\t\t\t\t<div class=\"elementor-widget-container\">\n\t\t\t\t\t<h2 class=\"elementor-heading-title elementor-size-default\">Su ve hijyen program\u0131<\/h2>\t\t\t\t<\/div>\n\t\t\t\t<\/div>\n\t\t\t\t\t<\/div>\n\t\t\t\t<\/div>\n\t\t\t\t<section class=\"elementor-section elementor-top-section elementor-element elementor-element-27badb0a elementor-section-boxed elementor-section-height-default elementor-section-height-default\" data-id=\"27badb0a\" data-element_type=\"section\" data-e-type=\"section\">\n\t\t\t\t\t\t<div class=\"elementor-container elementor-column-gap-default\">\n\t\t\t\t\t<div class=\"elementor-column elementor-col-100 elementor-top-column elementor-element elementor-element-c2007cd\" data-id=\"c2007cd\" data-element_type=\"column\" data-e-type=\"column\">\n\t\t\t<div class=\"elementor-widget-wrap elementor-element-populated\">\n\t\t\t\t\t\t<div class=\"elementor-element elementor-element-59f3f4e7 elementor-widget elementor-widget-text-editor\" data-id=\"59f3f4e7\" data-element_type=\"widget\" data-e-type=\"widget\" data-widget_type=\"text-editor.default\">\n\t\t\t\t<div class=\"elementor-widget-container\">\n\t\t\t\t\t\t\t\t\t\u0641\u064a \u062d\u0627\u0644\u0627\u062a \u0627\u0644\u0643\u0648\u0627\u0631\u062b \u0648\u0627\u0644\u062d\u0631\u0648\u0628 \u064a\u0635\u0628\u062d \u0627\u0644\u0628\u062d\u062b \u0639\u0646 \u0645\u0635\u0627\u062f\u0631 \u0627\u0644\u0645\u064a\u0627\u0647 \u0648\u0627\u0644\u062d\u0635\u0648\u0644 \u0639\u0644\u064a\u0647\u0627 \u0635\u0627\u0641\u064a\u0629 \u0635\u062d\u064a\u0629 \u0627\u0644\u0647\u0645 \u0627\u0644\u0623\u0643\u0628\u0631 \u0644\u062f\u0649 \u0627\u0644\u0645\u062d\u062a\u0627\u062c\u064a\u0646\u060c \u0648 \u0641\u064a \u062d\u0627\u0644 \u0639\u062f\u0645 \u0648\u062c\u0648\u062f \u0628\u0631\u0627\u0645\u062c \u0648\u0627\u0636\u062d\u0629 \u0644\u0627\u0633\u062a\u062c\u0631\u0627\u0631 \u0627\u0644\u0645\u064a\u0627\u0647 \u0648\u0627\u0644\u0628\u062d\u062b \u0639\u0646 \u0645\u0635\u0627\u062f\u0631 \u0635\u0627\u0644\u062d\u0629\u060c \u0642\u062f \u064a\u0624\u062f\u064a \u0644\u062a\u0641\u0627\u0642\u0645 \u0627\u0644\u0645\u0639\u0627\u0646\u0627\u0629 \u0645\u0646 \u062e\u0644\u0627\u0644 \u0627\u0646\u062a\u0634\u0627\u0631 \u0627\u0644\u0623\u0645\u0631\u0627\u0636\u060c \u0633\u0648\u0627\u0621 \u0645\u0646\u0647\u0627 \u0627\u0644\u0646\u0627\u062a\u062c\u0629 \u0639\u0646 \u0646\u0642\u0635 \u0627\u0644\u0645\u064a\u0627\u0647 \u0627\u0644\u0646\u0642\u064a\u0629\u060c \u0623\u0648 \u0627\u0644\u062a\u064a \u062a\u0633\u0628\u0628\u0647\u0627 \u0627\u0644\u0645\u064a\u0627\u0647 \u0627\u0644\u0645\u0644\u0648\u062b\u0629 \u0623\u0648 \u062d\u062a\u0649 \u0627\u0644\u0646\u0627\u062a\u062c\u0629 \u0639\u0646 \u062a\u062c\u0645\u0639 \u0627\u0644\u0645\u064a\u0627\u0647 \u0628\u0633\u0628\u0628 \u0633\u0648\u0621 \u0627\u0644\u062a\u0635\u0631\u064a\u0641\u060c \u0648 \u0641\u064a \u0647\u0630\u0627 \u0627\u0644\u0635\u062f\u062f \u0646\u0642\u0648\u0645 \u0628\u062f\u0639\u0645 \u0645\u0634\u0627\u0631\u064a\u0639 \u0627\u0644\u0645\u064a\u0627\u0647 \u0648\u0627\u0644\u0625\u0635\u062d\u0627\u062d \u0645\u0646 \u062e\u0644\u0627\u0644 \u062d\u0641\u0631 \u0627\u0644\u0622\u0628\u0627\u0631 \u0648\u062a\u0648\u0641\u064a\u0631 \u0627\u0644\u0645\u0636\u062e\u0627\u062a \u0648\u0623\u062c\u0647\u0632\u0629 \u0627\u0644\u062a\u0646\u0642\u064a\u0629\u060c \u0648 \u0630\u0644\u0643 \u0628\u0646\u0627\u0621 \u0639\u0644\u0649 \u062a\u0642\u064a\u064a\u0645 \u0645\u064a\u062f\u0627\u0646\u064a \u0645\u062f\u0631\u0648\u0633 \u0648 \u062a\u0628\u0639\u0627 \u0644\u0644\u062d\u0627\u062c\u0629.\t\t\t\t\t\t\t\t<\/div>\n\t\t\t\t<\/div>\n\t\t\t\t\t<\/div>\n\t\t<\/div>\n\t\t\t\t\t<\/div>\n\t\t<\/section>\n\t\t\t\t<section class=\"elementor-section elementor-top-section elementor-element elementor-element-76168270 elementor-section-boxed elementor-section-height-default elementor-section-height-default\" data-id=\"76168270\" data-element_type=\"section\" data-e-type=\"section\">\n\t\t\t\t\t\t<div class=\"elementor-container elementor-column-gap-default\">\n\t\t\t\t\t<div class=\"elementor-column elementor-col-100 elementor-top-column elementor-element elementor-element-15a4ba88\" data-id=\"15a4ba88\" data-element_type=\"column\" data-e-type=\"column\">\n\t\t\t<div class=\"elementor-widget-wrap elementor-element-populated\">\n\t\t\t\t\t\t\t<\/div>\n\t\t<\/div>\n\t\t\t\t\t<\/div>\n\t\t<\/section>\n\t\t\t\t<section class=\"elementor-section elementor-top-section elementor-element elementor-element-657609ef elementor-section-boxed elementor-section-height-default elementor-section-height-default\" data-id=\"657609ef\" data-element_type=\"section\" data-e-type=\"section\">\n\t\t\t\t\t\t<div class=\"elementor-container elementor-column-gap-default\">\n\t\t\t\t\t<div class=\"elementor-column elementor-col-100 elementor-top-column elementor-element elementor-element-53a8c94\" data-id=\"53a8c94\" data-element_type=\"column\" data-e-type=\"column\">\n\t\t\t<div class=\"elementor-widget-wrap elementor-element-populated\">\n\t\t\t\t\t\t<div class=\"elementor-element elementor-element-7667a071 elementor-widget elementor-widget-heading\" data-id=\"7667a071\" data-element_type=\"widget\" data-e-type=\"widget\" data-widget_type=\"heading.default\">\n\t\t\t\t<div class=\"elementor-widget-container\">\n\t\t\t\t\t<h2 class=\"elementor-heading-title elementor-size-default\">\u062a\u0627\u0628\u0639\u0646\u0627 \u0639\u0644\u0649 \u0627\u0644\u0634\u0628\u0643\u0627\u062a \u0627\u0644\u0625\u062c\u062a\u0645\u0627\u0639\u064a\u0629<\/h2>\t\t\t\t<\/div>\n\t\t\t\t<\/div>\n\t\t\t\t<div class=\"elementor-element elementor-element-4f517c95 elementor-shape-circle elementor-grid-0 e-grid-align-center elementor-widget elementor-widget-social-icons\" data-id=\"4f517c95\" data-element_type=\"widget\" data-e-type=\"widget\" data-widget_type=\"social-icons.default\">\n\t\t\t\t<div class=\"elementor-widget-container\">\n\t\t\t\t\t\t\t<div class=\"elementor-social-icons-wrapper elementor-grid\" role=\"list\">\n\t\t\t\t\t\t\t<span class=\"elementor-grid-item\" role=\"listitem\">\n\t\t\t\t\t<a class=\"elementor-icon elementor-social-icon elementor-social-icon-facebook elementor-repeater-item-588762f\" href=\"https:\/\/www.facebook.com\/ahfrelief\" target=\"_blank\">\n\t\t\t\t\t\t<span class=\"elementor-screen-only\">Facebook<\/span>\n\t\t\t\t\t\t<i aria-hidden=\"true\" class=\"fab fa-facebook\"><\/i>\t\t\t\t\t<\/a>\n\t\t\t\t<\/span>\n\t\t\t\t\t\t\t<span class=\"elementor-grid-item\" role=\"listitem\">\n\t\t\t\t\t<a class=\"elementor-icon elementor-social-icon elementor-social-icon-icon-twitter-x elementor-repeater-item-e850f28\" href=\"https:\/\/twitter.com\/ahfrelief\" target=\"_blank\">\n\t\t\t\t\t\t<span class=\"elementor-screen-only\">Icon-twitter-x<\/span>\n\t\t\t\t\t\t<i aria-hidden=\"true\" class=\"icon icon-twitter-x\"><\/i>\t\t\t\t\t<\/a>\n\t\t\t\t<\/span>\n\t\t\t\t\t\t\t<span class=\"elementor-grid-item\" role=\"listitem\">\n\t\t\t\t\t<a class=\"elementor-icon elementor-social-icon elementor-social-icon-instagram elementor-repeater-item-5a2da78\" href=\"https:\/\/www.instagram.com\/ahfrelief\/\" target=\"_blank\">\n\t\t\t\t\t\t<span class=\"elementor-screen-only\">Instagram<\/span>\n\t\t\t\t\t\t<i aria-hidden=\"true\" class=\"fab fa-instagram\"><\/i>\t\t\t\t\t<\/a>\n\t\t\t\t<\/span>\n\t\t\t\t\t\t\t<span class=\"elementor-grid-item\" role=\"listitem\">\n\t\t\t\t\t<a class=\"elementor-icon elementor-social-icon elementor-social-icon-youtube elementor-repeater-item-5a6499d\" href=\"https:\/\/www.youtube.com\/channel\/UCJ0hjzvizHjAnpTbAB2fIHg\" target=\"_blank\">\n\t\t\t\t\t\t<span class=\"elementor-screen-only\">Youtube<\/span>\n\t\t\t\t\t\t<i aria-hidden=\"true\" class=\"fab fa-youtube\"><\/i>\t\t\t\t\t<\/a>\n\t\t\t\t<\/span>\n\t\t\t\t\t\t\t<span class=\"elementor-grid-item\" role=\"listitem\">\n\t\t\t\t\t<a class=\"elementor-icon elementor-social-icon elementor-social-icon-linkedin elementor-repeater-item-92dc814\" href=\"https:\/\/www.linkedin.com\/company\/ahfrelief\" target=\"_blank\">\n\t\t\t\t\t\t<span class=\"elementor-screen-only\">Linkedin<\/span>\n\t\t\t\t\t\t<i aria-hidden=\"true\" class=\"fab fa-linkedin\"><\/i>\t\t\t\t\t<\/a>\n\t\t\t\t<\/span>\n\t\t\t\t\t<\/div>\n\t\t\t\t\t\t<\/div>\n\t\t\t\t<\/div>\n\t\t\t\t\t<\/div>\n\t\t<\/div>\n\t\t\t\t\t<\/div>\n\t\t<\/section>\n\t\t\t\t<\/div>\n\t\t","protected":false},"excerpt":{"rendered":"<p>Su ve sanitasyon Afet ve sava\u015flar s\u00f6z konusu oldu\u011funda, i\u00e7me suyu kaynaklar\u0131n\u0131n ara\u015ft\u0131r\u0131lmas\u0131 ve temiz suya eri\u015fim, ihtiya\u00e7 sahiplerinin en b\u00fcy\u00fck endi\u015fesi olmaya devam etmektedir. Suya eri\u015fim programlar\u0131n\u0131n yoklu\u011funda ve uygun kaynak bulmada ba\u015far\u0131s\u0131zl\u0131\u011fa u\u011framas\u0131, \u0131st\u0131rab\u0131n, kirli suyun neden oldu\u011fu temiz su eksikli\u011finden, hatta su drenaj\u0131 nedeniyle su toplanmas\u0131ndan kaynaklanan hastal\u0131klar\u0131n yay\u0131lmas\u0131yla daha da \u015fiddetlenir. [&hellip;]<\/p>\n","protected":false},"author":1,"featured_media":6852,"parent":0,"menu_order":0,"comment_status":"closed","ping_status":"closed","template":"","meta":{"footnotes":""},"class_list":["post-6850","page","type-page","status-publish","has-post-thumbnail","hentry"],"yoast_head":"<!-- This site is optimized with the Yoast SEO plugin v27.3 - https:\/\/yoast.com\/product\/yoast-seo-wordpress\/ -->\n<title>Su ve hijyen program\u0131 - \u0645\u0624\u0633\u0633\u0629 \u0627\u0644\u0634\u0627\u0645 \u0627\u0644\u0625\u0646\u0633\u0627\u0646\u064a\u0629<\/title>\n<meta name=\"robots\" content=\"index, follow, max-snippet:-1, max-image-preview:large, max-video-preview:-1\" \/>\n<link rel=\"canonical\" href=\"https:\/\/ahf.ngo\/wash\/\" \/>\n<meta property=\"og:locale\" content=\"tr_TR\" \/>\n<meta property=\"og:type\" content=\"article\" \/>\n<meta property=\"og:title\" content=\"Su ve hijyen program\u0131 - \u0645\u0624\u0633\u0633\u0629 \u0627\u0644\u0634\u0627\u0645 \u0627\u0644\u0625\u0646\u0633\u0627\u0646\u064a\u0629\" \/>\n<meta property=\"og:description\" content=\"Su ve sanitasyon Afet ve sava\u015flar s\u00f6z konusu oldu\u011funda, i\u00e7me suyu kaynaklar\u0131n\u0131n ara\u015ft\u0131r\u0131lmas\u0131 ve temiz suya eri\u015fim, ihtiya\u00e7 sahiplerinin en b\u00fcy\u00fck endi\u015fesi olmaya devam etmektedir. Suya eri\u015fim programlar\u0131n\u0131n yoklu\u011funda ve uygun kaynak bulmada ba\u015far\u0131s\u0131zl\u0131\u011fa u\u011framas\u0131, \u0131st\u0131rab\u0131n, kirli suyun neden oldu\u011fu temiz su eksikli\u011finden, hatta su drenaj\u0131 nedeniyle su toplanmas\u0131ndan kaynaklanan hastal\u0131klar\u0131n yay\u0131lmas\u0131yla daha da \u015fiddetlenir. [&hellip;]\" \/>\n<meta property=\"og:url\" content=\"https:\/\/ahf.ngo\/wash\/\" \/>\n<meta property=\"og:site_name\" content=\"\u0645\u0624\u0633\u0633\u0629 \u0627\u0644\u0634\u0627\u0645 \u0627\u0644\u0625\u0646\u0633\u0627\u0646\u064a\u0629\" \/>\n<meta property=\"article:modified_time\" content=\"2026-03-16T23:01:11+00:00\" \/>\n<meta property=\"og:image\" content=\"https:\/\/ahf.ngo\/wp-content\/uploads\/2018\/10\/wash-1.png\" \/>\n\t<meta property=\"og:image:width\" content=\"1366\" \/>\n\t<meta property=\"og:image:height\" content=\"330\" \/>\n\t<meta property=\"og:image:type\" content=\"image\/png\" \/>\n<meta name=\"twitter:card\" content=\"summary_large_image\" \/>\n<meta name=\"twitter:label1\" content=\"Tahmini okuma s\u00fcresi\" \/>\n\t<meta name=\"twitter:data1\" content=\"1 dakika\" \/>\n<script type=\"application\/ld+json\" class=\"yoast-schema-graph\">{\"@context\":\"https:\\\/\\\/schema.org\",\"@graph\":[{\"@type\":\"WebPage\",\"@id\":\"https:\\\/\\\/ahf.ngo\\\/wash\\\/\",\"url\":\"https:\\\/\\\/ahf.ngo\\\/wash\\\/\",\"name\":\"Su ve hijyen program\u0131 - \u0645\u0624\u0633\u0633\u0629 \u0627\u0644\u0634\u0627\u0645 \u0627\u0644\u0625\u0646\u0633\u0627\u0646\u064a\u0629\",\"isPartOf\":{\"@id\":\"https:\\\/\\\/ahf.ngo\\\/#website\"},\"primaryImageOfPage\":{\"@id\":\"https:\\\/\\\/ahf.ngo\\\/wash\\\/#primaryimage\"},\"image\":{\"@id\":\"https:\\\/\\\/ahf.ngo\\\/wash\\\/#primaryimage\"},\"thumbnailUrl\":\"https:\\\/\\\/ahf.ngo\\\/wp-content\\\/uploads\\\/2018\\\/10\\\/wash-1.avif\",\"datePublished\":\"2017-10-09T14:20:52+00:00\",\"dateModified\":\"2026-03-16T23:01:11+00:00\",\"breadcrumb\":{\"@id\":\"https:\\\/\\\/ahf.ngo\\\/wash\\\/#breadcrumb\"},\"inLanguage\":\"tr\",\"potentialAction\":[{\"@type\":\"ReadAction\",\"target\":[\"https:\\\/\\\/ahf.ngo\\\/wash\\\/\"]}]},{\"@type\":\"ImageObject\",\"inLanguage\":\"tr\",\"@id\":\"https:\\\/\\\/ahf.ngo\\\/wash\\\/#primaryimage\",\"url\":\"https:\\\/\\\/ahf.ngo\\\/wp-content\\\/uploads\\\/2018\\\/10\\\/wash-1.avif\",\"contentUrl\":\"https:\\\/\\\/ahf.ngo\\\/wp-content\\\/uploads\\\/2018\\\/10\\\/wash-1.avif\",\"width\":1366,\"height\":330},{\"@type\":\"BreadcrumbList\",\"@id\":\"https:\\\/\\\/ahf.ngo\\\/wash\\\/#breadcrumb\",\"itemListElement\":[{\"@type\":\"ListItem\",\"position\":1,\"name\":\"\u0627\u0644\u0631\u0626\u064a\u0633\u064a\u0629\",\"item\":\"https:\\\/\\\/ahf.ngo\\\/\"},{\"@type\":\"ListItem\",\"position\":2,\"name\":\"Su ve hijyen program\u0131\"}]},{\"@type\":\"WebSite\",\"@id\":\"https:\\\/\\\/ahf.ngo\\\/#website\",\"url\":\"https:\\\/\\\/ahf.ngo\\\/\",\"name\":\"\u0645\u0624\u0633\u0633\u0629 \u0627\u0644\u0634\u0627\u0645 \u0627\u0644\u0625\u0646\u0633\u0627\u0646\u064a\u0629\",\"description\":\"\u0648\u0627\u062d\u062f\u0629 \u0645\u0646 \u0623\u0643\u0628\u0631 \u0627\u0644\u0645\u0624\u0633\u0633\u0627\u062a \u0627\u0644\u0625\u0646\u0633\u0627\u0646\u064a\u0629 \u0627\u0644\u0639\u0627\u0645\u0644\u0629 \u0641\u064a \u0633\u0648\u0631\u064a\u0627\",\"publisher\":{\"@id\":\"https:\\\/\\\/ahf.ngo\\\/#organization\"},\"potentialAction\":[{\"@type\":\"SearchAction\",\"target\":{\"@type\":\"EntryPoint\",\"urlTemplate\":\"https:\\\/\\\/ahf.ngo\\\/?s={search_term_string}\"},\"query-input\":{\"@type\":\"PropertyValueSpecification\",\"valueRequired\":true,\"valueName\":\"search_term_string\"}}],\"inLanguage\":\"tr\"},{\"@type\":\"Organization\",\"@id\":\"https:\\\/\\\/ahf.ngo\\\/#organization\",\"name\":\"\u0645\u0624\u0633\u0633\u0629 \u0627\u0644\u0634\u0627\u0645 \u0627\u0644\u0625\u0646\u0633\u0627\u0646\u064a\u0629\",\"url\":\"https:\\\/\\\/ahf.ngo\\\/\",\"logo\":{\"@type\":\"ImageObject\",\"inLanguage\":\"tr\",\"@id\":\"https:\\\/\\\/ahf.ngo\\\/#\\\/schema\\\/logo\\\/image\\\/\",\"url\":\"https:\\\/\\\/ahf.ngo\\\/wp-content\\\/uploads\\\/2021\\\/06\\\/LOGO.avif\",\"contentUrl\":\"https:\\\/\\\/ahf.ngo\\\/wp-content\\\/uploads\\\/2021\\\/06\\\/LOGO.avif\",\"width\":1413,\"height\":1358,\"caption\":\"\u0645\u0624\u0633\u0633\u0629 \u0627\u0644\u0634\u0627\u0645 \u0627\u0644\u0625\u0646\u0633\u0627\u0646\u064a\u0629\"},\"image\":{\"@id\":\"https:\\\/\\\/ahf.ngo\\\/#\\\/schema\\\/logo\\\/image\\\/\"}}]}<\/script>\n<!-- \/ Yoast SEO plugin. -->","yoast_head_json":{"title":"Su ve hijyen program\u0131 - \u0645\u0624\u0633\u0633\u0629 \u0627\u0644\u0634\u0627\u0645 \u0627\u0644\u0625\u0646\u0633\u0627\u0646\u064a\u0629","robots":{"index":"index","follow":"follow","max-snippet":"max-snippet:-1","max-image-preview":"max-image-preview:large","max-video-preview":"max-video-preview:-1"},"canonical":"https:\/\/ahf.ngo\/wash\/","og_locale":"tr_TR","og_type":"article","og_title":"Su ve hijyen program\u0131 - \u0645\u0624\u0633\u0633\u0629 \u0627\u0644\u0634\u0627\u0645 \u0627\u0644\u0625\u0646\u0633\u0627\u0646\u064a\u0629","og_description":"Su ve sanitasyon Afet ve sava\u015flar s\u00f6z konusu oldu\u011funda, i\u00e7me suyu kaynaklar\u0131n\u0131n ara\u015ft\u0131r\u0131lmas\u0131 ve temiz suya eri\u015fim, ihtiya\u00e7 sahiplerinin en b\u00fcy\u00fck endi\u015fesi olmaya devam etmektedir. Suya eri\u015fim programlar\u0131n\u0131n yoklu\u011funda ve uygun kaynak bulmada ba\u015far\u0131s\u0131zl\u0131\u011fa u\u011framas\u0131, \u0131st\u0131rab\u0131n, kirli suyun neden oldu\u011fu temiz su eksikli\u011finden, hatta su drenaj\u0131 nedeniyle su toplanmas\u0131ndan kaynaklanan hastal\u0131klar\u0131n yay\u0131lmas\u0131yla daha da \u015fiddetlenir. [&hellip;]","og_url":"https:\/\/ahf.ngo\/wash\/","og_site_name":"\u0645\u0624\u0633\u0633\u0629 \u0627\u0644\u0634\u0627\u0645 \u0627\u0644\u0625\u0646\u0633\u0627\u0646\u064a\u0629","article_modified_time":"2026-03-16T23:01:11+00:00","og_image":[{"width":1366,"height":330,"url":"https:\/\/ahf.ngo\/wp-content\/uploads\/2018\/10\/wash-1.png","type":"image\/png"}],"twitter_card":"summary_large_image","twitter_misc":{"Tahmini okuma s\u00fcresi":"1 dakika"},"schema":{"@context":"https:\/\/schema.org","@graph":[{"@type":"WebPage","@id":"https:\/\/ahf.ngo\/wash\/","url":"https:\/\/ahf.ngo\/wash\/","name":"Su ve hijyen program\u0131 - \u0645\u0624\u0633\u0633\u0629 \u0627\u0644\u0634\u0627\u0645 \u0627\u0644\u0625\u0646\u0633\u0627\u0646\u064a\u0629","isPartOf":{"@id":"https:\/\/ahf.ngo\/#website"},"primaryImageOfPage":{"@id":"https:\/\/ahf.ngo\/wash\/#primaryimage"},"image":{"@id":"https:\/\/ahf.ngo\/wash\/#primaryimage"},"thumbnailUrl":"https:\/\/ahf.ngo\/wp-content\/uploads\/2018\/10\/wash-1.avif","datePublished":"2017-10-09T14:20:52+00:00","dateModified":"2026-03-16T23:01:11+00:00","breadcrumb":{"@id":"https:\/\/ahf.ngo\/wash\/#breadcrumb"},"inLanguage":"tr","potentialAction":[{"@type":"ReadAction","target":["https:\/\/ahf.ngo\/wash\/"]}]},{"@type":"ImageObject","inLanguage":"tr","@id":"https:\/\/ahf.ngo\/wash\/#primaryimage","url":"https:\/\/ahf.ngo\/wp-content\/uploads\/2018\/10\/wash-1.avif","contentUrl":"https:\/\/ahf.ngo\/wp-content\/uploads\/2018\/10\/wash-1.avif","width":1366,"height":330},{"@type":"BreadcrumbList","@id":"https:\/\/ahf.ngo\/wash\/#breadcrumb","itemListElement":[{"@type":"ListItem","position":1,"name":"\u0627\u0644\u0631\u0626\u064a\u0633\u064a\u0629","item":"https:\/\/ahf.ngo\/"},{"@type":"ListItem","position":2,"name":"Su ve hijyen program\u0131"}]},{"@type":"WebSite","@id":"https:\/\/ahf.ngo\/#website","url":"https:\/\/ahf.ngo\/","name":"\u0645\u0624\u0633\u0633\u0629 \u0627\u0644\u0634\u0627\u0645 \u0627\u0644\u0625\u0646\u0633\u0627\u0646\u064a\u0629","description":"\u0648\u0627\u062d\u062f\u0629 \u0645\u0646 \u0623\u0643\u0628\u0631 \u0627\u0644\u0645\u0624\u0633\u0633\u0627\u062a \u0627\u0644\u0625\u0646\u0633\u0627\u0646\u064a\u0629 \u0627\u0644\u0639\u0627\u0645\u0644\u0629 \u0641\u064a \u0633\u0648\u0631\u064a\u0627","publisher":{"@id":"https:\/\/ahf.ngo\/#organization"},"potentialAction":[{"@type":"SearchAction","target":{"@type":"EntryPoint","urlTemplate":"https:\/\/ahf.ngo\/?s={search_term_string}"},"query-input":{"@type":"PropertyValueSpecification","valueRequired":true,"valueName":"search_term_string"}}],"inLanguage":"tr"},{"@type":"Organization","@id":"https:\/\/ahf.ngo\/#organization","name":"\u0645\u0624\u0633\u0633\u0629 \u0627\u0644\u0634\u0627\u0645 \u0627\u0644\u0625\u0646\u0633\u0627\u0646\u064a\u0629","url":"https:\/\/ahf.ngo\/","logo":{"@type":"ImageObject","inLanguage":"tr","@id":"https:\/\/ahf.ngo\/#\/schema\/logo\/image\/","url":"https:\/\/ahf.ngo\/wp-content\/uploads\/2021\/06\/LOGO.avif","contentUrl":"https:\/\/ahf.ngo\/wp-content\/uploads\/2021\/06\/LOGO.avif","width":1413,"height":1358,"caption":"\u0645\u0624\u0633\u0633\u0629 \u0627\u0644\u0634\u0627\u0645 \u0627\u0644\u0625\u0646\u0633\u0627\u0646\u064a\u0629"},"image":{"@id":"https:\/\/ahf.ngo\/#\/schema\/logo\/image\/"}}]}},"_links":{"self":[{"href":"https:\/\/ahf.ngo\/tr\/wp-json\/wp\/v2\/pages\/6850","targetHints":{"allow":["GET"]}}],"collection":[{"href":"https:\/\/ahf.ngo\/tr\/wp-json\/wp\/v2\/pages"}],"about":[{"href":"https:\/\/ahf.ngo\/tr\/wp-json\/wp\/v2\/types\/page"}],"author":[{"embeddable":true,"href":"https:\/\/ahf.ngo\/tr\/wp-json\/wp\/v2\/users\/1"}],"replies":[{"embeddable":true,"href":"https:\/\/ahf.ngo\/tr\/wp-json\/wp\/v2\/comments?post=6850"}],"version-history":[{"count":5,"href":"https:\/\/ahf.ngo\/tr\/wp-json\/wp\/v2\/pages\/6850\/revisions"}],"predecessor-version":[{"id":38434,"href":"https:\/\/ahf.ngo\/tr\/wp-json\/wp\/v2\/pages\/6850\/revisions\/38434"}],"wp:featuredmedia":[{"embeddable":true,"href":"https:\/\/ahf.ngo\/tr\/wp-json\/wp\/v2\/media\/6852"}],"wp:attachment":[{"href":"https:\/\/ahf.ngo\/tr\/wp-json\/wp\/v2\/media?parent=6850"}],"curies":[{"name":"wp","href":"https:\/\/api.w.org\/{rel}","templated":true}]}}