{"id":6864,"date":"2017-08-25T16:50:31","date_gmt":"2017-08-25T13:50:31","guid":{"rendered":"https:\/\/alshamfoundation.com\/?page_id=6864"},"modified":"2026-03-17T02:01:12","modified_gmt":"2026-03-16T23:01:12","slug":"erken-iyilestirme","status":"publish","type":"page","link":"https:\/\/ahf.ngo\/tr\/erken-iyilestirme\/","title":{"rendered":"Erken iyile\u015fme program\u0131"},"content":{"rendered":"\t\t<div data-elementor-type=\"wp-page\" data-elementor-id=\"6864\" class=\"elementor elementor-6864\" data-elementor-post-type=\"page\">\n\t\t\t\t<div class=\"elementor-element elementor-element-5c98f0e3 e-flex e-con-boxed e-con e-parent\" data-id=\"5c98f0e3\" data-element_type=\"container\" data-e-type=\"container\" data-settings=\"{&quot;background_background&quot;:&quot;classic&quot;}\">\n\t\t\t\t\t<div class=\"e-con-inner\">\n\t\t\t\t<div class=\"elementor-element elementor-element-3477bf37 elementor-widget elementor-widget-heading\" data-id=\"3477bf37\" data-element_type=\"widget\" data-e-type=\"widget\" data-widget_type=\"heading.default\">\n\t\t\t\t<div class=\"elementor-widget-container\">\n\t\t\t\t\t<h2 class=\"elementor-heading-title elementor-size-default\">Erken iyile\u015fme program\u0131<\/h2>\t\t\t\t<\/div>\n\t\t\t\t<\/div>\n\t\t\t\t\t<\/div>\n\t\t\t\t<\/div>\n\t\t\t\t<section class=\"elementor-section elementor-top-section elementor-element elementor-element-2d8db0d1 elementor-section-boxed elementor-section-height-default elementor-section-height-default\" data-id=\"2d8db0d1\" data-element_type=\"section\" data-e-type=\"section\">\n\t\t\t\t\t\t<div class=\"elementor-container elementor-column-gap-default\">\n\t\t\t\t\t<div class=\"elementor-column elementor-col-100 elementor-top-column elementor-element elementor-element-30ec5887\" data-id=\"30ec5887\" data-element_type=\"column\" data-e-type=\"column\">\n\t\t\t<div class=\"elementor-widget-wrap elementor-element-populated\">\n\t\t\t\t\t\t<div class=\"elementor-element elementor-element-25692c8b elementor-widget elementor-widget-text-editor\" data-id=\"25692c8b\" data-element_type=\"widget\" data-e-type=\"widget\" data-widget_type=\"text-editor.default\">\n\t\t\t\t<div class=\"elementor-widget-container\">\n\t\t\t\t\t\t\t\t\t\u064a\u0639\u0645\u0644 \u0627\u0644\u0628\u0631\u0646\u0627\u0645\u062c \u0639\u0644\u0649 \u062a\u0648\u0641\u064a\u0631 \u0627\u0644\u062f\u0639\u0645 \u0644\u0644\u0641\u0626\u0627\u062a \u0648\u0627\u0644\u0623\u0633\u0631 \u0627\u0644\u0623\u0643\u062b\u0631 \u062d\u0627\u062c\u0629 \u0645\u0646 \u062e\u0627\u0644 \u0627\u0644\u0645\u0633\u0627\u0647\u0645\u0629 \u0641\u064a \u0628\u0646\u0627\u0621 \u0642\u062f\u0631\u0627\u062a \u0627\u0644\u0645\u062c\u062a\u0645\u0639 \u0648\u0631\u0641\u0639 \u0627\u0644\u0643\u0641\u0627\u0621\u0629 \u0627\u0644\u0645\u0647\u0646\u064a\u0629\u060c \u062d\u064a\u062b \u064a\u0642\u062f\u0645 \u062e\u062f\u0645\u0627\u062a \u0627\u0644\u062a\u062f\u0631\u064a\u0628 \u0627\u0644\u0645\u0647\u0646\u064a \u0627\u0644\u0630\u064a \u064a\u0646\u062a\u0647\u064a \u0628\u0645\u0646\u062d \u0644\u062a\u062d\u0633\u064a\u0646 \u0627\u0644\u0648\u0635\u0648\u0644 \u0625\u0644\u0649 \u0633\u0628\u0644 \u0627\u0644\u0639\u064a\u0634 \u0648\u062e\u0644\u0642 \u0641\u0631\u0635 \u0639\u0645\u0644 \u0644\u0644\u0623\u0634\u062e\u0627\u0635 \u0627\u0644\u0636\u0639\u0641\u0627\u0621 \u0627\u0644\u0645\u062a\u0636\u0631\u0631\u064a\u0646 \u0645\u0646 \u0627\u0644\u0646\u0632\u0627\u0639 \u0644\u0644\u0627\u0646\u062a\u0642\u0627\u0644 \u0645\u0646 \u0627\u0644\u0627\u0639\u062a\u0645\u0627\u062f \u0639\u0644\u0649 \u0627\u0644\u0645\u0633\u0627\u0639\u062f\u0629 \u0625\u0644\u0649 \u0645\u0631\u062d\u0644\u0629 \u0627\u0644\u0625\u0646\u062a\u0627\u062c\u060c \u0643\u0645\u0627 \u0648\u064a\u0639\u0645\u0644 \u0639\u0644\u0649 \u062f\u0639\u0645 \u0627\u0644\u0645\u0634\u0627\u0631\u064a\u0639 \u0627\u0644\u0646\u0627\u0634\u0626\u0629 \u0639\u0628\u0631 \u062a\u0648\u0641\u064a\u0631 \u0627\u0644\u0642\u0631\u0648\u0636 \u0627\u0644\u0635\u063a\u064a\u0631\u0629\u060c \u0648\u0630\u0644\u0643 \u0641\u064a \u0646\u0637\u0627\u0642 \u062a\u0639\u0632\u064a\u0632 \u0627\u0644\u0627\u0639\u062a\u0645\u0627\u062f \u0639\u0644\u0649 \u0627\u0644\u0630\u0627\u062a \u0648\u062a\u0631\u0633\u064a\u062e \u062b\u0642\u0627\u0641\u0629 \u0627\u0644\u0639\u0645\u0644\u060c \u0628\u0627\u0644\u0625\u0636\u0627\u0641\u0629 \u0625\u0644\u0649 \u062a\u0648\u0641\u064a\u0631 \u0641\u0631\u0635 \u0639\u0645\u0644 \u0630\u0627\u062a\u064a\u0629 \u0645\u0633\u062a\u062f\u0627\u0645\u0629 \u0648\u062a\u0633\u0647\u064a\u0644 \u062a\u0648\u0641\u064a\u0631 \u0627\u0644\u0641\u0631\u0635 \u0627\u0644\u0644\u0627\u0632\u0645\u0629 \u0644\u0644\u0627\u0646\u062f\u0645\u0627\u062c \u0641\u064a \u0627\u0644\u0623\u0633\u0648\u0627\u0642 \u0644\u0623\u0648\u0644\u0626\u0643 \u0627\u0644\u0630\u064a\u0646 \u0644\u062f\u064a\u0647\u0645 \u0627\u0644\u0645\u0647\u0627\u0631\u0629 \u0648\u0627\u0644\u0642\u062f\u0631\u0629 \u0648\u0627\u0644\u0631\u063a\u0628\u0629 \u0641\u064a \u0627\u0644\u0639\u0645\u0644 \u0639\u0644\u0649 \u0645\u0634\u0627\u0631\u064a\u0639\u0647\u0645 \u0627\u0644\u062e\u0627\u0635\u0629\u060c \u0645\u0645\u0627 \u064a\u0633\u0627\u0639\u062f \u0641\u064a \u062e\u0644\u0642 \u0641\u0631\u0635 \u0639\u0645\u0644 \u062c\u062f\u064a\u062f\u0629 \u0648\u0632\u064a\u0627\u062f\u0629 \u062f\u062e\u0644\u0647\u0645 \u0648 \u0625\u0639\u0627\u062f\u0629 \u062a\u0623\u0647\u064a\u0644 \u0627\u0644\u0623\u0633\u0648\u0627\u0642 \u0648\u0627\u0644\u0628\u0646\u064a\u0629 \u0627\u0644\u062a\u062d\u062a\u064a\u0629 \u0627\u0644\u0645\u0631\u062a\u0628\u0637\u0629 \u0628\u0647\u0627 \u0645\u0646 \u062e\u0644\u0627\u0644 \u0627\u0644\u0642\u0631\u0648\u0636 \u0627\u0644\u0645\u0633\u062a\u0631\u062f\u0629.\t\t\t\t\t\t\t\t<\/div>\n\t\t\t\t<\/div>\n\t\t\t\t\t<\/div>\n\t\t<\/div>\n\t\t\t\t\t<\/div>\n\t\t<\/section>\n\t\t\t\t<section class=\"elementor-section elementor-top-section elementor-element elementor-element-2b4698f8 elementor-section-boxed elementor-section-height-default elementor-section-height-default\" data-id=\"2b4698f8\" data-element_type=\"section\" data-e-type=\"section\">\n\t\t\t\t\t\t<div class=\"elementor-container elementor-column-gap-default\">\n\t\t\t\t\t<div class=\"elementor-column elementor-col-100 elementor-top-column elementor-element elementor-element-3e2504ec\" data-id=\"3e2504ec\" data-element_type=\"column\" data-e-type=\"column\">\n\t\t\t<div class=\"elementor-widget-wrap elementor-element-populated\">\n\t\t\t\t\t\t\t<\/div>\n\t\t<\/div>\n\t\t\t\t\t<\/div>\n\t\t<\/section>\n\t\t\t\t<section class=\"elementor-section elementor-top-section elementor-element elementor-element-47d93bb4 elementor-section-boxed elementor-section-height-default elementor-section-height-default\" data-id=\"47d93bb4\" data-element_type=\"section\" data-e-type=\"section\">\n\t\t\t\t\t\t<div class=\"elementor-container elementor-column-gap-default\">\n\t\t\t\t\t<div class=\"elementor-column elementor-col-100 elementor-top-column elementor-element elementor-element-5b1e1013\" data-id=\"5b1e1013\" data-element_type=\"column\" data-e-type=\"column\">\n\t\t\t<div class=\"elementor-widget-wrap elementor-element-populated\">\n\t\t\t\t\t\t<div class=\"elementor-element elementor-element-78bff997 elementor-widget elementor-widget-heading\" data-id=\"78bff997\" data-element_type=\"widget\" data-e-type=\"widget\" data-widget_type=\"heading.default\">\n\t\t\t\t<div class=\"elementor-widget-container\">\n\t\t\t\t\t<h2 class=\"elementor-heading-title elementor-size-default\">\u062a\u0627\u0628\u0639\u0646\u0627 \u0639\u0644\u0649 \u0627\u0644\u0634\u0628\u0643\u0627\u062a \u0627\u0644\u0625\u062c\u062a\u0645\u0627\u0639\u064a\u0629<\/h2>\t\t\t\t<\/div>\n\t\t\t\t<\/div>\n\t\t\t\t<div class=\"elementor-element elementor-element-13c488b elementor-shape-circle elementor-grid-0 e-grid-align-center elementor-widget elementor-widget-social-icons\" data-id=\"13c488b\" data-element_type=\"widget\" data-e-type=\"widget\" data-widget_type=\"social-icons.default\">\n\t\t\t\t<div class=\"elementor-widget-container\">\n\t\t\t\t\t\t\t<div class=\"elementor-social-icons-wrapper elementor-grid\" role=\"list\">\n\t\t\t\t\t\t\t<span class=\"elementor-grid-item\" role=\"listitem\">\n\t\t\t\t\t<a class=\"elementor-icon elementor-social-icon elementor-social-icon-facebook elementor-repeater-item-588762f\" href=\"https:\/\/www.facebook.com\/ahfrelief\" target=\"_blank\">\n\t\t\t\t\t\t<span class=\"elementor-screen-only\">Facebook<\/span>\n\t\t\t\t\t\t<i aria-hidden=\"true\" class=\"fab fa-facebook\"><\/i>\t\t\t\t\t<\/a>\n\t\t\t\t<\/span>\n\t\t\t\t\t\t\t<span class=\"elementor-grid-item\" role=\"listitem\">\n\t\t\t\t\t<a class=\"elementor-icon elementor-social-icon elementor-social-icon-icon-twitter-x elementor-repeater-item-e850f28\" href=\"https:\/\/twitter.com\/ahfrelief\" target=\"_blank\">\n\t\t\t\t\t\t<span class=\"elementor-screen-only\">Icon-twitter-x<\/span>\n\t\t\t\t\t\t<i aria-hidden=\"true\" class=\"icon icon-twitter-x\"><\/i>\t\t\t\t\t<\/a>\n\t\t\t\t<\/span>\n\t\t\t\t\t\t\t<span class=\"elementor-grid-item\" role=\"listitem\">\n\t\t\t\t\t<a class=\"elementor-icon elementor-social-icon elementor-social-icon-instagram elementor-repeater-item-5a2da78\" href=\"https:\/\/www.instagram.com\/ahfrelief\/\" target=\"_blank\">\n\t\t\t\t\t\t<span class=\"elementor-screen-only\">Instagram<\/span>\n\t\t\t\t\t\t<i aria-hidden=\"true\" class=\"fab fa-instagram\"><\/i>\t\t\t\t\t<\/a>\n\t\t\t\t<\/span>\n\t\t\t\t\t\t\t<span class=\"elementor-grid-item\" role=\"listitem\">\n\t\t\t\t\t<a class=\"elementor-icon elementor-social-icon elementor-social-icon-youtube elementor-repeater-item-5a6499d\" href=\"https:\/\/www.youtube.com\/channel\/UCJ0hjzvizHjAnpTbAB2fIHg\" target=\"_blank\">\n\t\t\t\t\t\t<span class=\"elementor-screen-only\">Youtube<\/span>\n\t\t\t\t\t\t<i aria-hidden=\"true\" class=\"fab fa-youtube\"><\/i>\t\t\t\t\t<\/a>\n\t\t\t\t<\/span>\n\t\t\t\t\t\t\t<span class=\"elementor-grid-item\" role=\"listitem\">\n\t\t\t\t\t<a class=\"elementor-icon elementor-social-icon elementor-social-icon-linkedin elementor-repeater-item-92dc814\" href=\"https:\/\/www.linkedin.com\/company\/ahfrelief\" target=\"_blank\">\n\t\t\t\t\t\t<span class=\"elementor-screen-only\">Linkedin<\/span>\n\t\t\t\t\t\t<i aria-hidden=\"true\" class=\"fab fa-linkedin\"><\/i>\t\t\t\t\t<\/a>\n\t\t\t\t<\/span>\n\t\t\t\t\t<\/div>\n\t\t\t\t\t\t<\/div>\n\t\t\t\t<\/div>\n\t\t\t\t\t<\/div>\n\t\t<\/div>\n\t\t\t\t\t<\/div>\n\t\t<\/section>\n\t\t\t\t<\/div>\n\t\t","protected":false},"excerpt":{"rendered":"<p>Erken \u0130yile\u015ftirme Program, en \u00e7ok ihtiya\u00e7 duyan ve ihmal edilen gruplara ve ailelere destek sa\u011flamak ve geli\u015fmi\u015f toplumsal yeteneklerin geli\u015ftirilmesine katk\u0131da bulunmak i\u00e7in \u00e7al\u0131\u015f\u0131yor. \u062a\u0627\u0628\u0639\u0646\u0627 \u0639\u0644\u0649 \u0627\u0644\u0634\u0628\u0643\u0627\u062a \u0627\u0644\u0625\u062c\u062a\u0645\u0627\u0639\u064a\u0629 FacebookTwitterInstagramLinkedinYoutube<\/p>\n","protected":false},"author":1,"featured_media":16695,"parent":0,"menu_order":0,"comment_status":"closed","ping_status":"closed","template":"elementor_header_footer","meta":{"footnotes":""},"class_list":["post-6864","page","type-page","status-publish","has-post-thumbnail","hentry"],"yoast_head":"<!-- This site is optimized with the Yoast SEO plugin v27.5 - https:\/\/yoast.com\/product\/yoast-seo-wordpress\/ -->\n<title>Erken iyile\u015fme program\u0131 - \u0645\u0624\u0633\u0633\u0629 \u0627\u0644\u0634\u0627\u0645 \u0627\u0644\u0625\u0646\u0633\u0627\u0646\u064a\u0629<\/title>\n<meta name=\"robots\" content=\"index, follow, max-snippet:-1, max-image-preview:large, max-video-preview:-1\" \/>\n<link rel=\"canonical\" href=\"https:\/\/ahf.ngo\/early-recovery\/\" \/>\n<meta property=\"og:locale\" content=\"tr_TR\" \/>\n<meta property=\"og:type\" content=\"article\" \/>\n<meta property=\"og:title\" content=\"Erken iyile\u015fme program\u0131 - \u0645\u0624\u0633\u0633\u0629 \u0627\u0644\u0634\u0627\u0645 \u0627\u0644\u0625\u0646\u0633\u0627\u0646\u064a\u0629\" \/>\n<meta property=\"og:description\" content=\"Erken \u0130yile\u015ftirme Program, en \u00e7ok ihtiya\u00e7 duyan ve ihmal edilen gruplara ve ailelere destek sa\u011flamak ve geli\u015fmi\u015f toplumsal yeteneklerin geli\u015ftirilmesine katk\u0131da bulunmak i\u00e7in \u00e7al\u0131\u015f\u0131yor. \u062a\u0627\u0628\u0639\u0646\u0627 \u0639\u0644\u0649 \u0627\u0644\u0634\u0628\u0643\u0627\u062a \u0627\u0644\u0625\u062c\u062a\u0645\u0627\u0639\u064a\u0629 FacebookTwitterInstagramLinkedinYoutube\" \/>\n<meta property=\"og:url\" content=\"https:\/\/ahf.ngo\/early-recovery\/\" \/>\n<meta property=\"og:site_name\" content=\"\u0645\u0624\u0633\u0633\u0629 \u0627\u0644\u0634\u0627\u0645 \u0627\u0644\u0625\u0646\u0633\u0627\u0646\u064a\u0629\" \/>\n<meta property=\"article:modified_time\" content=\"2026-03-16T23:01:12+00:00\" \/>\n<meta property=\"og:image\" content=\"https:\/\/ahf.ngo\/wp-content\/uploads\/2019\/12\/\u0635\u0648\u0631\u0629-\u0627\u0644\u062a\u0639\u0627\u0641\u064a-\u0627\u0644\u0645\u0628\u0643\u0631.jpg\" \/>\n\t<meta property=\"og:image:width\" content=\"1872\" \/>\n\t<meta property=\"og:image:height\" content=\"450\" \/>\n\t<meta property=\"og:image:type\" content=\"image\/jpeg\" \/>\n<meta name=\"twitter:card\" content=\"summary_large_image\" \/>\n<meta name=\"twitter:label1\" content=\"Tahmini okuma s\u00fcresi\" \/>\n\t<meta name=\"twitter:data1\" content=\"3 dakika\" \/>\n<script type=\"application\/ld+json\" class=\"yoast-schema-graph\">{\"@context\":\"https:\\\/\\\/schema.org\",\"@graph\":[{\"@type\":\"WebPage\",\"@id\":\"https:\\\/\\\/ahf.ngo\\\/early-recovery\\\/\",\"url\":\"https:\\\/\\\/ahf.ngo\\\/early-recovery\\\/\",\"name\":\"Erken iyile\u015fme program\u0131 - \u0645\u0624\u0633\u0633\u0629 \u0627\u0644\u0634\u0627\u0645 \u0627\u0644\u0625\u0646\u0633\u0627\u0646\u064a\u0629\",\"isPartOf\":{\"@id\":\"https:\\\/\\\/ahf.ngo\\\/#website\"},\"primaryImageOfPage\":{\"@id\":\"https:\\\/\\\/ahf.ngo\\\/early-recovery\\\/#primaryimage\"},\"image\":{\"@id\":\"https:\\\/\\\/ahf.ngo\\\/early-recovery\\\/#primaryimage\"},\"thumbnailUrl\":\"https:\\\/\\\/ahf.ngo\\\/wp-content\\\/uploads\\\/2019\\\/12\\\/\u0635\u0648\u0631\u0629-\u0627\u0644\u062a\u0639\u0627\u0641\u064a-\u0627\u0644\u0645\u0628\u0643\u0631.avif\",\"datePublished\":\"2017-08-25T13:50:31+00:00\",\"dateModified\":\"2026-03-16T23:01:12+00:00\",\"breadcrumb\":{\"@id\":\"https:\\\/\\\/ahf.ngo\\\/early-recovery\\\/#breadcrumb\"},\"inLanguage\":\"tr\",\"potentialAction\":[{\"@type\":\"ReadAction\",\"target\":[\"https:\\\/\\\/ahf.ngo\\\/early-recovery\\\/\"]}]},{\"@type\":\"ImageObject\",\"inLanguage\":\"tr\",\"@id\":\"https:\\\/\\\/ahf.ngo\\\/early-recovery\\\/#primaryimage\",\"url\":\"https:\\\/\\\/ahf.ngo\\\/wp-content\\\/uploads\\\/2019\\\/12\\\/\u0635\u0648\u0631\u0629-\u0627\u0644\u062a\u0639\u0627\u0641\u064a-\u0627\u0644\u0645\u0628\u0643\u0631.avif\",\"contentUrl\":\"https:\\\/\\\/ahf.ngo\\\/wp-content\\\/uploads\\\/2019\\\/12\\\/\u0635\u0648\u0631\u0629-\u0627\u0644\u062a\u0639\u0627\u0641\u064a-\u0627\u0644\u0645\u0628\u0643\u0631.avif\",\"width\":1872,\"height\":450},{\"@type\":\"BreadcrumbList\",\"@id\":\"https:\\\/\\\/ahf.ngo\\\/early-recovery\\\/#breadcrumb\",\"itemListElement\":[{\"@type\":\"ListItem\",\"position\":1,\"name\":\"\u0627\u0644\u0631\u0626\u064a\u0633\u064a\u0629\",\"item\":\"https:\\\/\\\/ahf.ngo\\\/\"},{\"@type\":\"ListItem\",\"position\":2,\"name\":\"Erken iyile\u015fme program\u0131\"}]},{\"@type\":\"WebSite\",\"@id\":\"https:\\\/\\\/ahf.ngo\\\/#website\",\"url\":\"https:\\\/\\\/ahf.ngo\\\/\",\"name\":\"\u0645\u0624\u0633\u0633\u0629 \u0627\u0644\u0634\u0627\u0645 \u0627\u0644\u0625\u0646\u0633\u0627\u0646\u064a\u0629\",\"description\":\"\u0648\u0627\u062d\u062f\u0629 \u0645\u0646 \u0623\u0643\u0628\u0631 \u0627\u0644\u0645\u0624\u0633\u0633\u0627\u062a \u0627\u0644\u0625\u0646\u0633\u0627\u0646\u064a\u0629 \u0627\u0644\u0639\u0627\u0645\u0644\u0629 \u0641\u064a \u0633\u0648\u0631\u064a\u0627\",\"publisher\":{\"@id\":\"https:\\\/\\\/ahf.ngo\\\/#organization\"},\"potentialAction\":[{\"@type\":\"SearchAction\",\"target\":{\"@type\":\"EntryPoint\",\"urlTemplate\":\"https:\\\/\\\/ahf.ngo\\\/?s={search_term_string}\"},\"query-input\":{\"@type\":\"PropertyValueSpecification\",\"valueRequired\":true,\"valueName\":\"search_term_string\"}}],\"inLanguage\":\"tr\"},{\"@type\":\"Organization\",\"@id\":\"https:\\\/\\\/ahf.ngo\\\/#organization\",\"name\":\"\u0645\u0624\u0633\u0633\u0629 \u0627\u0644\u0634\u0627\u0645 \u0627\u0644\u0625\u0646\u0633\u0627\u0646\u064a\u0629\",\"url\":\"https:\\\/\\\/ahf.ngo\\\/\",\"logo\":{\"@type\":\"ImageObject\",\"inLanguage\":\"tr\",\"@id\":\"https:\\\/\\\/ahf.ngo\\\/#\\\/schema\\\/logo\\\/image\\\/\",\"url\":\"https:\\\/\\\/ahf.ngo\\\/wp-content\\\/uploads\\\/2021\\\/06\\\/LOGO.avif\",\"contentUrl\":\"https:\\\/\\\/ahf.ngo\\\/wp-content\\\/uploads\\\/2021\\\/06\\\/LOGO.avif\",\"width\":1413,\"height\":1358,\"caption\":\"\u0645\u0624\u0633\u0633\u0629 \u0627\u0644\u0634\u0627\u0645 \u0627\u0644\u0625\u0646\u0633\u0627\u0646\u064a\u0629\"},\"image\":{\"@id\":\"https:\\\/\\\/ahf.ngo\\\/#\\\/schema\\\/logo\\\/image\\\/\"}}]}<\/script>\n<!-- \/ Yoast SEO plugin. -->","yoast_head_json":{"title":"Erken iyile\u015fme program\u0131 - \u0645\u0624\u0633\u0633\u0629 \u0627\u0644\u0634\u0627\u0645 \u0627\u0644\u0625\u0646\u0633\u0627\u0646\u064a\u0629","robots":{"index":"index","follow":"follow","max-snippet":"max-snippet:-1","max-image-preview":"max-image-preview:large","max-video-preview":"max-video-preview:-1"},"canonical":"https:\/\/ahf.ngo\/early-recovery\/","og_locale":"tr_TR","og_type":"article","og_title":"Erken iyile\u015fme program\u0131 - \u0645\u0624\u0633\u0633\u0629 \u0627\u0644\u0634\u0627\u0645 \u0627\u0644\u0625\u0646\u0633\u0627\u0646\u064a\u0629","og_description":"Erken \u0130yile\u015ftirme Program, en \u00e7ok ihtiya\u00e7 duyan ve ihmal edilen gruplara ve ailelere destek sa\u011flamak ve geli\u015fmi\u015f toplumsal yeteneklerin geli\u015ftirilmesine katk\u0131da bulunmak i\u00e7in \u00e7al\u0131\u015f\u0131yor. \u062a\u0627\u0628\u0639\u0646\u0627 \u0639\u0644\u0649 \u0627\u0644\u0634\u0628\u0643\u0627\u062a \u0627\u0644\u0625\u062c\u062a\u0645\u0627\u0639\u064a\u0629 FacebookTwitterInstagramLinkedinYoutube","og_url":"https:\/\/ahf.ngo\/early-recovery\/","og_site_name":"\u0645\u0624\u0633\u0633\u0629 \u0627\u0644\u0634\u0627\u0645 \u0627\u0644\u0625\u0646\u0633\u0627\u0646\u064a\u0629","article_modified_time":"2026-03-16T23:01:12+00:00","og_image":[{"width":1872,"height":450,"url":"https:\/\/ahf.ngo\/wp-content\/uploads\/2019\/12\/\u0635\u0648\u0631\u0629-\u0627\u0644\u062a\u0639\u0627\u0641\u064a-\u0627\u0644\u0645\u0628\u0643\u0631.jpg","type":"image\/jpeg"}],"twitter_card":"summary_large_image","twitter_misc":{"Tahmini okuma s\u00fcresi":"3 dakika"},"schema":{"@context":"https:\/\/schema.org","@graph":[{"@type":"WebPage","@id":"https:\/\/ahf.ngo\/early-recovery\/","url":"https:\/\/ahf.ngo\/early-recovery\/","name":"Erken iyile\u015fme program\u0131 - \u0645\u0624\u0633\u0633\u0629 \u0627\u0644\u0634\u0627\u0645 \u0627\u0644\u0625\u0646\u0633\u0627\u0646\u064a\u0629","isPartOf":{"@id":"https:\/\/ahf.ngo\/#website"},"primaryImageOfPage":{"@id":"https:\/\/ahf.ngo\/early-recovery\/#primaryimage"},"image":{"@id":"https:\/\/ahf.ngo\/early-recovery\/#primaryimage"},"thumbnailUrl":"https:\/\/ahf.ngo\/wp-content\/uploads\/2019\/12\/\u0635\u0648\u0631\u0629-\u0627\u0644\u062a\u0639\u0627\u0641\u064a-\u0627\u0644\u0645\u0628\u0643\u0631.avif","datePublished":"2017-08-25T13:50:31+00:00","dateModified":"2026-03-16T23:01:12+00:00","breadcrumb":{"@id":"https:\/\/ahf.ngo\/early-recovery\/#breadcrumb"},"inLanguage":"tr","potentialAction":[{"@type":"ReadAction","target":["https:\/\/ahf.ngo\/early-recovery\/"]}]},{"@type":"ImageObject","inLanguage":"tr","@id":"https:\/\/ahf.ngo\/early-recovery\/#primaryimage","url":"https:\/\/ahf.ngo\/wp-content\/uploads\/2019\/12\/\u0635\u0648\u0631\u0629-\u0627\u0644\u062a\u0639\u0627\u0641\u064a-\u0627\u0644\u0645\u0628\u0643\u0631.avif","contentUrl":"https:\/\/ahf.ngo\/wp-content\/uploads\/2019\/12\/\u0635\u0648\u0631\u0629-\u0627\u0644\u062a\u0639\u0627\u0641\u064a-\u0627\u0644\u0645\u0628\u0643\u0631.avif","width":1872,"height":450},{"@type":"BreadcrumbList","@id":"https:\/\/ahf.ngo\/early-recovery\/#breadcrumb","itemListElement":[{"@type":"ListItem","position":1,"name":"\u0627\u0644\u0631\u0626\u064a\u0633\u064a\u0629","item":"https:\/\/ahf.ngo\/"},{"@type":"ListItem","position":2,"name":"Erken iyile\u015fme program\u0131"}]},{"@type":"WebSite","@id":"https:\/\/ahf.ngo\/#website","url":"https:\/\/ahf.ngo\/","name":"\u0645\u0624\u0633\u0633\u0629 \u0627\u0644\u0634\u0627\u0645 \u0627\u0644\u0625\u0646\u0633\u0627\u0646\u064a\u0629","description":"\u0648\u0627\u062d\u062f\u0629 \u0645\u0646 \u0623\u0643\u0628\u0631 \u0627\u0644\u0645\u0624\u0633\u0633\u0627\u062a \u0627\u0644\u0625\u0646\u0633\u0627\u0646\u064a\u0629 \u0627\u0644\u0639\u0627\u0645\u0644\u0629 \u0641\u064a \u0633\u0648\u0631\u064a\u0627","publisher":{"@id":"https:\/\/ahf.ngo\/#organization"},"potentialAction":[{"@type":"SearchAction","target":{"@type":"EntryPoint","urlTemplate":"https:\/\/ahf.ngo\/?s={search_term_string}"},"query-input":{"@type":"PropertyValueSpecification","valueRequired":true,"valueName":"search_term_string"}}],"inLanguage":"tr"},{"@type":"Organization","@id":"https:\/\/ahf.ngo\/#organization","name":"\u0645\u0624\u0633\u0633\u0629 \u0627\u0644\u0634\u0627\u0645 \u0627\u0644\u0625\u0646\u0633\u0627\u0646\u064a\u0629","url":"https:\/\/ahf.ngo\/","logo":{"@type":"ImageObject","inLanguage":"tr","@id":"https:\/\/ahf.ngo\/#\/schema\/logo\/image\/","url":"https:\/\/ahf.ngo\/wp-content\/uploads\/2021\/06\/LOGO.avif","contentUrl":"https:\/\/ahf.ngo\/wp-content\/uploads\/2021\/06\/LOGO.avif","width":1413,"height":1358,"caption":"\u0645\u0624\u0633\u0633\u0629 \u0627\u0644\u0634\u0627\u0645 \u0627\u0644\u0625\u0646\u0633\u0627\u0646\u064a\u0629"},"image":{"@id":"https:\/\/ahf.ngo\/#\/schema\/logo\/image\/"}}]}},"_links":{"self":[{"href":"https:\/\/ahf.ngo\/tr\/wp-json\/wp\/v2\/pages\/6864","targetHints":{"allow":["GET"]}}],"collection":[{"href":"https:\/\/ahf.ngo\/tr\/wp-json\/wp\/v2\/pages"}],"about":[{"href":"https:\/\/ahf.ngo\/tr\/wp-json\/wp\/v2\/types\/page"}],"author":[{"embeddable":true,"href":"https:\/\/ahf.ngo\/tr\/wp-json\/wp\/v2\/users\/1"}],"replies":[{"embeddable":true,"href":"https:\/\/ahf.ngo\/tr\/wp-json\/wp\/v2\/comments?post=6864"}],"version-history":[{"count":6,"href":"https:\/\/ahf.ngo\/tr\/wp-json\/wp\/v2\/pages\/6864\/revisions"}],"predecessor-version":[{"id":38436,"href":"https:\/\/ahf.ngo\/tr\/wp-json\/wp\/v2\/pages\/6864\/revisions\/38436"}],"wp:featuredmedia":[{"embeddable":true,"href":"https:\/\/ahf.ngo\/tr\/wp-json\/wp\/v2\/media\/16695"}],"wp:attachment":[{"href":"https:\/\/ahf.ngo\/tr\/wp-json\/wp\/v2\/media?parent=6864"}],"curies":[{"name":"wp","href":"https:\/\/api.w.org\/{rel}","templated":true}]}}