{"id":6885,"date":"2017-10-04T13:37:20","date_gmt":"2017-10-04T10:37:20","guid":{"rendered":"https:\/\/alshamfoundation.com\/?page_id=6885"},"modified":"2026-03-17T02:01:13","modified_gmt":"2026-03-16T23:01:13","slug":"saglik-hizmetleri","status":"publish","type":"page","link":"https:\/\/ahf.ngo\/tr\/saglik-hizmetleri\/","title":{"rendered":"sa\u011fl\u0131k program\u0131"},"content":{"rendered":"<div class=\"fusion-converted-container\" style=\"background-color:#e2e2e2;background-image:url(&#039;http:\/\/ahf.ngo\/wp-content\/uploads\/2018\/10\/health-1200x290.png&#039;);background-size:cover;background-position:center;padding-top:150px;padding-bottom:150px;margin-bottom:50px;width:100%;\">\n<div class=\"fusion-converted-row\" style=\"display:flex;flex-wrap:wrap;gap:20px;\">\n<div class=\"fusion-converted-column\" style=\"flex:0 0 calc(50% - 10px);max-width:calc(50% - 10px);box-sizing:border-box;\">\n<\/div>\n<div class=\"fusion-converted-column\" style=\"flex:0 0 calc(50% - 10px);max-width:calc(50% - 10px);box-sizing:border-box;padding-top:10%;padding-right:10%;padding-bottom:10%;padding-left:10%;\">\n<h1 style=\"text-align:center;\">Sa\u011fl\u0131k Hizmetleri<\/h1>\n<\/div>\n<\/div>\n<\/div>\n<div class=\"fusion-converted-container\" style=\"margin-top:25px;\">\n<div class=\"fusion-converted-row\" style=\"display:flex;flex-wrap:wrap;gap:20px;\">\n<h3 dir=\"ltr\" style=\"text-align: justify;\">Program, merkezi sevk sistemine g\u00f6re tam koordinasyonla \u00e7al\u0131\u015fan 4 dispanser, gezici klinik ve 25 ara\u00e7tan olu\u015fan ambulans sistemi arac\u0131l\u0131\u011f\u0131yla birinci basamak sa\u011fl\u0131k hizmetleri sunarak Suriye&#8217;deki t\u0131bbi bak\u0131m ve hizmet seviyesinin y\u00fckseltilmesi i\u00e7in \u00e7al\u0131\u015f\u0131yor. Ayr\u0131ca \u0130\u00e7 Hastal\u0131klar\u0131 Hastanesi ve Cerrahi Hastanesi ile Rehabilitasyon Merkezi ve \u0130\u015fitme Merkezi gibi \u00f6zel hizmet sa\u011flayan \u00f6zel projeler arac\u0131l\u0131\u011f\u0131yla ikinci basamak sa\u011fl\u0131k hizmetleri de sunan Vak\u0131f, ayr\u0131ca iki kolera tedavi merkezi kurarak kolera salg\u0131n\u0131na m\u00fcdahaleye katk\u0131da bulundu. hem Al-Dana&#8217;da hem de Al-Atareb&#8217;de.<\/h3>\n<p><!-- Avada element removed: fusion_recent_posts \u2014 needs manual recreation in Elementor --><\/p>\n<hr style=\"border:none;border-top:1px dotted #66bfb5;margin-top:25px;margin-bottom:25px;\" \/>\n<div class=\"fusion-converted-column\" style=\"flex:0 0 calc(33.333% - 14px);max-width:calc(33.333% - 14px);box-sizing:border-box;\">\n<\/div>\n<div class=\"fusion-converted-column\" style=\"flex:0 0 calc(33.333% - 14px);max-width:calc(33.333% - 14px);box-sizing:border-box;\">\n<p style=\"text-align: center;\">\u062a\u0627\u0628\u0639\u0646\u0627 \u0639\u0644\u0649 \u0627\u0644\u0634\u0628\u0643\u0627\u062a \u0627\u0644\u0625\u062c\u062a\u0645\u0627\u0639\u064a\u0629<\/p>\n<div class=\"fusion-converted-social-links\" style=\"text-align:center;\"><a href=\"https:\/\/www.facebook.com\/ahfrelief\/?ref=bookmarks\" target=\"_blank\" rel=\"noopener\" style=\"display:inline-block;margin:0 8px;font-size:18px;\" title=\"Facebook\">Facebook<\/a><a href=\"https:\/\/twitter.com\/ahfrelief\" target=\"_blank\" rel=\"noopener\" style=\"display:inline-block;margin:0 8px;font-size:18px;\" title=\"Twitter\">Twitter<\/a><a href=\"https:\/\/www.instagram.com\/ahfrelief\/\" target=\"_blank\" rel=\"noopener\" style=\"display:inline-block;margin:0 8px;font-size:18px;\" title=\"Instagram\">Instagram<\/a><a href=\"https:\/\/www.linkedin.com\/company\/ahfrelief\" target=\"_blank\" rel=\"noopener\" style=\"display:inline-block;margin:0 8px;font-size:18px;\" title=\"Linkedin\">Linkedin<\/a><a href=\"https:\/\/www.youtube.com\/channel\/UCJ0hjzvizHjAnpTbAB2fIHg\" target=\"_blank\" rel=\"noopener\" style=\"display:inline-block;margin:0 8px;font-size:18px;\" title=\"Youtube\">Youtube<\/a><\/div>\n<\/div>\n<div class=\"fusion-converted-column\" style=\"flex:0 0 calc(33.333% - 14px);max-width:calc(33.333% - 14px);box-sizing:border-box;\">\n<\/div>\n<\/div>\n<\/div>\n","protected":false},"excerpt":{"rendered":"<p>Sa\u011fl\u0131k Hizmetleri Program, merkezi sevk sistemine g\u00f6re tam koordinasyonla \u00e7al\u0131\u015fan 4 dispanser, gezici klinik ve 25 ara\u00e7tan olu\u015fan ambulans sistemi arac\u0131l\u0131\u011f\u0131yla birinci basamak sa\u011fl\u0131k hizmetleri sunarak Suriye&#8217;deki t\u0131bbi bak\u0131m ve hizmet seviyesinin y\u00fckseltilmesi i\u00e7in \u00e7al\u0131\u015f\u0131yor. Ayr\u0131ca \u0130\u00e7 Hastal\u0131klar\u0131 Hastanesi ve Cerrahi Hastanesi ile Rehabilitasyon Merkezi ve \u0130\u015fitme Merkezi gibi \u00f6zel hizmet sa\u011flayan \u00f6zel projeler arac\u0131l\u0131\u011f\u0131yla [&hellip;]<\/p>\n","protected":false},"author":1,"featured_media":0,"parent":0,"menu_order":0,"comment_status":"closed","ping_status":"closed","template":"100-width.php","meta":{"footnotes":""},"class_list":["post-6885","page","type-page","status-publish","hentry"],"yoast_head":"<!-- This site is optimized with the Yoast SEO plugin v27.3 - https:\/\/yoast.com\/product\/yoast-seo-wordpress\/ -->\n<title>sa\u011fl\u0131k program\u0131 - \u0645\u0624\u0633\u0633\u0629 \u0627\u0644\u0634\u0627\u0645 \u0627\u0644\u0625\u0646\u0633\u0627\u0646\u064a\u0629<\/title>\n<meta name=\"robots\" content=\"index, follow, max-snippet:-1, max-image-preview:large, max-video-preview:-1\" \/>\n<link rel=\"canonical\" href=\"https:\/\/ahf.ngo\/tr\/saglik-hizmetleri\/\" \/>\n<meta property=\"og:locale\" content=\"tr_TR\" \/>\n<meta property=\"og:type\" content=\"article\" \/>\n<meta property=\"og:title\" content=\"sa\u011fl\u0131k program\u0131 - \u0645\u0624\u0633\u0633\u0629 \u0627\u0644\u0634\u0627\u0645 \u0627\u0644\u0625\u0646\u0633\u0627\u0646\u064a\u0629\" \/>\n<meta property=\"og:description\" content=\"Sa\u011fl\u0131k Hizmetleri Program, merkezi sevk sistemine g\u00f6re tam koordinasyonla \u00e7al\u0131\u015fan 4 dispanser, gezici klinik ve 25 ara\u00e7tan olu\u015fan ambulans sistemi arac\u0131l\u0131\u011f\u0131yla birinci basamak sa\u011fl\u0131k hizmetleri sunarak Suriye&#8217;deki t\u0131bbi bak\u0131m ve hizmet seviyesinin y\u00fckseltilmesi i\u00e7in \u00e7al\u0131\u015f\u0131yor. Ayr\u0131ca \u0130\u00e7 Hastal\u0131klar\u0131 Hastanesi ve Cerrahi Hastanesi ile Rehabilitasyon Merkezi ve \u0130\u015fitme Merkezi gibi \u00f6zel hizmet sa\u011flayan \u00f6zel projeler arac\u0131l\u0131\u011f\u0131yla [&hellip;]\" \/>\n<meta property=\"og:url\" content=\"https:\/\/ahf.ngo\/tr\/saglik-hizmetleri\/\" \/>\n<meta property=\"og:site_name\" content=\"\u0645\u0624\u0633\u0633\u0629 \u0627\u0644\u0634\u0627\u0645 \u0627\u0644\u0625\u0646\u0633\u0627\u0646\u064a\u0629\" \/>\n<meta property=\"article:modified_time\" content=\"2026-03-16T23:01:13+00:00\" \/>\n<meta name=\"twitter:card\" content=\"summary_large_image\" \/>\n<meta name=\"twitter:label1\" content=\"Tahmini okuma s\u00fcresi\" \/>\n\t<meta name=\"twitter:data1\" content=\"4 dakika\" \/>\n<script type=\"application\/ld+json\" class=\"yoast-schema-graph\">{\"@context\":\"https:\\\/\\\/schema.org\",\"@graph\":[{\"@type\":\"WebPage\",\"@id\":\"https:\\\/\\\/ahf.ngo\\\/tr\\\/saglik-hizmetleri\\\/\",\"url\":\"https:\\\/\\\/ahf.ngo\\\/tr\\\/saglik-hizmetleri\\\/\",\"name\":\"sa\u011fl\u0131k program\u0131 - \u0645\u0624\u0633\u0633\u0629 \u0627\u0644\u0634\u0627\u0645 \u0627\u0644\u0625\u0646\u0633\u0627\u0646\u064a\u0629\",\"isPartOf\":{\"@id\":\"https:\\\/\\\/ahf.ngo\\\/#website\"},\"datePublished\":\"2017-10-04T10:37:20+00:00\",\"dateModified\":\"2026-03-16T23:01:13+00:00\",\"breadcrumb\":{\"@id\":\"https:\\\/\\\/ahf.ngo\\\/tr\\\/saglik-hizmetleri\\\/#breadcrumb\"},\"inLanguage\":\"tr\",\"potentialAction\":[{\"@type\":\"ReadAction\",\"target\":[\"https:\\\/\\\/ahf.ngo\\\/tr\\\/saglik-hizmetleri\\\/\"]}]},{\"@type\":\"BreadcrumbList\",\"@id\":\"https:\\\/\\\/ahf.ngo\\\/tr\\\/saglik-hizmetleri\\\/#breadcrumb\",\"itemListElement\":[{\"@type\":\"ListItem\",\"position\":1,\"name\":\"\u0627\u0644\u0631\u0626\u064a\u0633\u064a\u0629\",\"item\":\"https:\\\/\\\/ahf.ngo\\\/\"},{\"@type\":\"ListItem\",\"position\":2,\"name\":\"sa\u011fl\u0131k program\u0131\"}]},{\"@type\":\"WebSite\",\"@id\":\"https:\\\/\\\/ahf.ngo\\\/#website\",\"url\":\"https:\\\/\\\/ahf.ngo\\\/\",\"name\":\"\u0645\u0624\u0633\u0633\u0629 \u0627\u0644\u0634\u0627\u0645 \u0627\u0644\u0625\u0646\u0633\u0627\u0646\u064a\u0629\",\"description\":\"\u0648\u0627\u062d\u062f\u0629 \u0645\u0646 \u0623\u0643\u0628\u0631 \u0627\u0644\u0645\u0624\u0633\u0633\u0627\u062a \u0627\u0644\u0625\u0646\u0633\u0627\u0646\u064a\u0629 \u0627\u0644\u0639\u0627\u0645\u0644\u0629 \u0641\u064a \u0633\u0648\u0631\u064a\u0627\",\"publisher\":{\"@id\":\"https:\\\/\\\/ahf.ngo\\\/#organization\"},\"potentialAction\":[{\"@type\":\"SearchAction\",\"target\":{\"@type\":\"EntryPoint\",\"urlTemplate\":\"https:\\\/\\\/ahf.ngo\\\/?s={search_term_string}\"},\"query-input\":{\"@type\":\"PropertyValueSpecification\",\"valueRequired\":true,\"valueName\":\"search_term_string\"}}],\"inLanguage\":\"tr\"},{\"@type\":\"Organization\",\"@id\":\"https:\\\/\\\/ahf.ngo\\\/#organization\",\"name\":\"\u0645\u0624\u0633\u0633\u0629 \u0627\u0644\u0634\u0627\u0645 \u0627\u0644\u0625\u0646\u0633\u0627\u0646\u064a\u0629\",\"url\":\"https:\\\/\\\/ahf.ngo\\\/\",\"logo\":{\"@type\":\"ImageObject\",\"inLanguage\":\"tr\",\"@id\":\"https:\\\/\\\/ahf.ngo\\\/#\\\/schema\\\/logo\\\/image\\\/\",\"url\":\"https:\\\/\\\/ahf.ngo\\\/wp-content\\\/uploads\\\/2021\\\/06\\\/LOGO.avif\",\"contentUrl\":\"https:\\\/\\\/ahf.ngo\\\/wp-content\\\/uploads\\\/2021\\\/06\\\/LOGO.avif\",\"width\":1413,\"height\":1358,\"caption\":\"\u0645\u0624\u0633\u0633\u0629 \u0627\u0644\u0634\u0627\u0645 \u0627\u0644\u0625\u0646\u0633\u0627\u0646\u064a\u0629\"},\"image\":{\"@id\":\"https:\\\/\\\/ahf.ngo\\\/#\\\/schema\\\/logo\\\/image\\\/\"}}]}<\/script>\n<!-- \/ Yoast SEO plugin. -->","yoast_head_json":{"title":"sa\u011fl\u0131k program\u0131 - \u0645\u0624\u0633\u0633\u0629 \u0627\u0644\u0634\u0627\u0645 \u0627\u0644\u0625\u0646\u0633\u0627\u0646\u064a\u0629","robots":{"index":"index","follow":"follow","max-snippet":"max-snippet:-1","max-image-preview":"max-image-preview:large","max-video-preview":"max-video-preview:-1"},"canonical":"https:\/\/ahf.ngo\/tr\/saglik-hizmetleri\/","og_locale":"tr_TR","og_type":"article","og_title":"sa\u011fl\u0131k program\u0131 - \u0645\u0624\u0633\u0633\u0629 \u0627\u0644\u0634\u0627\u0645 \u0627\u0644\u0625\u0646\u0633\u0627\u0646\u064a\u0629","og_description":"Sa\u011fl\u0131k Hizmetleri Program, merkezi sevk sistemine g\u00f6re tam koordinasyonla \u00e7al\u0131\u015fan 4 dispanser, gezici klinik ve 25 ara\u00e7tan olu\u015fan ambulans sistemi arac\u0131l\u0131\u011f\u0131yla birinci basamak sa\u011fl\u0131k hizmetleri sunarak Suriye&#8217;deki t\u0131bbi bak\u0131m ve hizmet seviyesinin y\u00fckseltilmesi i\u00e7in \u00e7al\u0131\u015f\u0131yor. Ayr\u0131ca \u0130\u00e7 Hastal\u0131klar\u0131 Hastanesi ve Cerrahi Hastanesi ile Rehabilitasyon Merkezi ve \u0130\u015fitme Merkezi gibi \u00f6zel hizmet sa\u011flayan \u00f6zel projeler arac\u0131l\u0131\u011f\u0131yla [&hellip;]","og_url":"https:\/\/ahf.ngo\/tr\/saglik-hizmetleri\/","og_site_name":"\u0645\u0624\u0633\u0633\u0629 \u0627\u0644\u0634\u0627\u0645 \u0627\u0644\u0625\u0646\u0633\u0627\u0646\u064a\u0629","article_modified_time":"2026-03-16T23:01:13+00:00","twitter_card":"summary_large_image","twitter_misc":{"Tahmini okuma s\u00fcresi":"4 dakika"},"schema":{"@context":"https:\/\/schema.org","@graph":[{"@type":"WebPage","@id":"https:\/\/ahf.ngo\/tr\/saglik-hizmetleri\/","url":"https:\/\/ahf.ngo\/tr\/saglik-hizmetleri\/","name":"sa\u011fl\u0131k program\u0131 - \u0645\u0624\u0633\u0633\u0629 \u0627\u0644\u0634\u0627\u0645 \u0627\u0644\u0625\u0646\u0633\u0627\u0646\u064a\u0629","isPartOf":{"@id":"https:\/\/ahf.ngo\/#website"},"datePublished":"2017-10-04T10:37:20+00:00","dateModified":"2026-03-16T23:01:13+00:00","breadcrumb":{"@id":"https:\/\/ahf.ngo\/tr\/saglik-hizmetleri\/#breadcrumb"},"inLanguage":"tr","potentialAction":[{"@type":"ReadAction","target":["https:\/\/ahf.ngo\/tr\/saglik-hizmetleri\/"]}]},{"@type":"BreadcrumbList","@id":"https:\/\/ahf.ngo\/tr\/saglik-hizmetleri\/#breadcrumb","itemListElement":[{"@type":"ListItem","position":1,"name":"\u0627\u0644\u0631\u0626\u064a\u0633\u064a\u0629","item":"https:\/\/ahf.ngo\/"},{"@type":"ListItem","position":2,"name":"sa\u011fl\u0131k program\u0131"}]},{"@type":"WebSite","@id":"https:\/\/ahf.ngo\/#website","url":"https:\/\/ahf.ngo\/","name":"\u0645\u0624\u0633\u0633\u0629 \u0627\u0644\u0634\u0627\u0645 \u0627\u0644\u0625\u0646\u0633\u0627\u0646\u064a\u0629","description":"\u0648\u0627\u062d\u062f\u0629 \u0645\u0646 \u0623\u0643\u0628\u0631 \u0627\u0644\u0645\u0624\u0633\u0633\u0627\u062a \u0627\u0644\u0625\u0646\u0633\u0627\u0646\u064a\u0629 \u0627\u0644\u0639\u0627\u0645\u0644\u0629 \u0641\u064a \u0633\u0648\u0631\u064a\u0627","publisher":{"@id":"https:\/\/ahf.ngo\/#organization"},"potentialAction":[{"@type":"SearchAction","target":{"@type":"EntryPoint","urlTemplate":"https:\/\/ahf.ngo\/?s={search_term_string}"},"query-input":{"@type":"PropertyValueSpecification","valueRequired":true,"valueName":"search_term_string"}}],"inLanguage":"tr"},{"@type":"Organization","@id":"https:\/\/ahf.ngo\/#organization","name":"\u0645\u0624\u0633\u0633\u0629 \u0627\u0644\u0634\u0627\u0645 \u0627\u0644\u0625\u0646\u0633\u0627\u0646\u064a\u0629","url":"https:\/\/ahf.ngo\/","logo":{"@type":"ImageObject","inLanguage":"tr","@id":"https:\/\/ahf.ngo\/#\/schema\/logo\/image\/","url":"https:\/\/ahf.ngo\/wp-content\/uploads\/2021\/06\/LOGO.avif","contentUrl":"https:\/\/ahf.ngo\/wp-content\/uploads\/2021\/06\/LOGO.avif","width":1413,"height":1358,"caption":"\u0645\u0624\u0633\u0633\u0629 \u0627\u0644\u0634\u0627\u0645 \u0627\u0644\u0625\u0646\u0633\u0627\u0646\u064a\u0629"},"image":{"@id":"https:\/\/ahf.ngo\/#\/schema\/logo\/image\/"}}]}},"_links":{"self":[{"href":"https:\/\/ahf.ngo\/tr\/wp-json\/wp\/v2\/pages\/6885","targetHints":{"allow":["GET"]}}],"collection":[{"href":"https:\/\/ahf.ngo\/tr\/wp-json\/wp\/v2\/pages"}],"about":[{"href":"https:\/\/ahf.ngo\/tr\/wp-json\/wp\/v2\/types\/page"}],"author":[{"embeddable":true,"href":"https:\/\/ahf.ngo\/tr\/wp-json\/wp\/v2\/users\/1"}],"replies":[{"embeddable":true,"href":"https:\/\/ahf.ngo\/tr\/wp-json\/wp\/v2\/comments?post=6885"}],"version-history":[{"count":5,"href":"https:\/\/ahf.ngo\/tr\/wp-json\/wp\/v2\/pages\/6885\/revisions"}],"predecessor-version":[{"id":31342,"href":"https:\/\/ahf.ngo\/tr\/wp-json\/wp\/v2\/pages\/6885\/revisions\/31342"}],"wp:attachment":[{"href":"https:\/\/ahf.ngo\/tr\/wp-json\/wp\/v2\/media?parent=6885"}],"curies":[{"name":"wp","href":"https:\/\/api.w.org\/{rel}","templated":true}]}}